{"id":57,"date":"2019-11-28T20:09:16","date_gmt":"2019-11-28T19:09:16","guid":{"rendered":"https:\/\/www.bautica.si\/blog\/?page_id=57"},"modified":"2020-05-12T08:40:33","modified_gmt":"2020-05-12T07:40:33","slug":"politika-zasebnosti","status":"publish","type":"page","link":"https:\/\/www.bautica.si\/blog\/politika-zasebnosti\/","title":{"rendered":"Politika zasebnosti"},"content":{"rendered":"<h3><strong>Zasebnost in pi\u0161kotki<\/strong><\/h3>\n<h3>Osebni podatki na\u0161ih uporabnikov so eno izmed podro\u010dij, kateremu posve\u010damo izredno skrb in pozornost. Poskrbimo, da so vse zahteve ne samo dose\u017eene, ampak jih, \u010de se le da, prese\u017eemo, saj se zavedamo ob\u010dutljive narave tega podro\u010dja.<\/h3>\n<h3>Upravitelj spletne trgovine bautica.si je Zajcnet, Jo\u017eef Zajc., je v skladu z <a href=\"http:\/\/www.uradni-list.si\/1\/objava.jsp?urlid=200794&amp;stevilka=4690\">Zakonom o varstvu osebnih podatkov (ZVOP-1-UPB1<\/a>) zavezan k varovanju osebnih podatkov svojih uporabnikov.<\/h3>\n<h3>Za potrebe poslovanja spletne trgovine \u00bbbautica.si\u00ab zbira naslednje uporabnikove podatke:<\/h3>\n<h3>Trgovec za potrebe opravljanja storitev, ki jih ponuja, zbira, vodi, obdeluje in shranjuje naslednje uporabnikove podatke:<\/h3>\n<ul>\n<li>\n<h3>ime in priimek;<\/h3>\n<\/li>\n<li>\n<h3>naslove za dostavo;<\/h3>\n<\/li>\n<li>\n<h3>firmo oz. naziv pravne osebe (\u010de je uporabnik pravna oseba);<\/h3>\n<\/li>\n<li>\n<h3>dav\u010dno \u0161tevilko pravne osebe (\u010de je uporabnik pravna oseba);<\/h3>\n<\/li>\n<li>\n<h3>naslov elektronske po\u0161te (uporabni\u0161ko ime);<\/h3>\n<\/li>\n<li>\n<h3>geslo v \u0161ifrirani obliki;<\/h3>\n<\/li>\n<li>\n<h3>kontaktno telefonsko \u0161tevilko;<\/h3>\n<\/li>\n<li>\n<h3>dr\u017eavo bivanja;<\/h3>\n<\/li>\n<li>\n<h3>druge podatke, ki jih uporabnik prostovoljno vnese v obrazce v spletni trgovini;<\/h3>\n<\/li>\n<li>\n<h3>druge podatke, ki jih uporabnik prostovoljno doda naknadno v svojem profilu.<\/h3>\n<\/li>\n<\/ul>\n<h3>Za pravilnost, popolnost in a\u017eurnost podatkov, ki jih vnesejo uporabniki, Trgovec ne odgovarja.<\/h3>\n<h3>Za potrebe zagotavljanja varnosti, se zbirajo tudi\u00a0<strong>IP naslovi<\/strong>, iz katerih uporabniki dostopajo do spletnega mesta. Vsakemu uporabniku je ob za\u010detku obiska dodeljen\u00a0<strong>sejni pi\u0161kotek\u00a0<\/strong>za identifikacijo in spremljanje nakupovalne ko\u0161arice. Na va\u0161 ra\u010dunalnik lahko bautica.si med drugimi shrani tudi druge pi\u0161kotke, kot so: identifikacijska \u0161tevilka uporabnika v \u0161ifrirani obliki (za prepoznavanje uporabnika ob naslednjem obisku), ocene artiklov (da veste, katere artikle ste \u017ee ocenili) ter pi\u0161kotki sistema Google Analytics (analiza obiskov spletnega mesta).<\/h3>\n<h3>Vsi omenjeni podatki, razen pi\u0161kotkov, se na stre\u017eniku bautica.si shranjujejo trajno. Sejni pi\u0161kotki se v pomnilnik stre\u017enika shranjujejo le za \u010das trajanja obiska in se izbri\u0161ejo po eni uri neaktivnosti, trajni pi\u0161kotki pa so shranjeni na ra\u010dunalniku obiskovalca.<\/h3>\n<h3>Upravitelj Bautica.si lahko podatke v anonimizirani sumarni obliki uporabi za namene statisti\u010dnih analiz. Bautica.si podatkov o uporabnikih v nobenem primeru ne bo predal nepoobla\u0161\u010denim osebam. Dostavni slu\u017ebam bomo zaupali le uporabnikov naslov za dostavo, email in telefonsko \u0161tevilko za la\u017eji kontakt. Z uporabnikom bomo stopili v stik preko sredstev komunikacije na daljavo le, \u010de uporabnik temu izrecno ne nasprotuje.<\/h3>\n<h3><strong>Izvajanje politike zasebnosti<\/strong><\/h3>\n<h3>Trgovec ima, skladno z Zakonom o varovanju osebnih podatkov, varovanje osebnih podatkov urejeno s Pravilnikom o zavarovanju osebnih podatkov.<\/h3>\n<h3>Vse pri Trgovcu redno ali honorarno zaposlene osebe, ki imajo dostop do osebnih in drugih podatkov uporabnikov, so seznanjene z dolo\u010dili Pravilnika o zavarovanju osebnih podatkov in z dol\u017enostjo varovanja osebnih in drugih podatkov in so dol\u017ene upo\u0161tevati ta dolo\u010dila o varovanju zaupnosti osebnih podatkov in zasebnosti uporabnikov spletne trgovine. Dol\u017enost varovanja osebnih in drugih podatkov velja \u010dasovno neomejeno, tudi po prenehanju razmerja s Trgovcem.<\/h3>\n<h3>Registrirani uporabniki lahko kadarkoli prenehajo uporabljati spletno trgovino in lahko prekli\u010dejo svojo registracijo. To storijo tako, da s pisno izjavo Trgovcu sporo\u010dijo preklic registracije. Pred podajo izjave o preklicu registracije mora uporabnik Trgovcu poravnati vse \u0161e neporavnane obveznosti iz naslova opravljenih nakupov v spletni trgovini. Trgovec bo zaupnost osebnih podatkov in zasebnost uporabnikov spletne trgovine v okviru te politike zasebnosti varoval tudi v primeru preklica registracije.<\/h3>\n<h3><strong>Varstvo otrok<\/strong><\/h3>\n<h3>Oglasna sporo\u010dila bodo jasno razvidna (upo\u0161tevajo\u010d starost) in jasno lo\u010dena od iger in tekmovanj. Vsaka komunikacija, namenjena otrokom, bo primerna njihovi starosti in ne bo izkori\u0161\u010dala zaupljivosti otrok, pomanjkanja izku\u0161enj ali ob\u010dutka lojalnosti. Ponudnik ne sme sprejemati naro\u010dil od nekoga, za katerega ve ali sumi, da je otrok, ne da bi za to imel izrecnega dovoljenja njegovih star\u0161ev ali skrbnikov.<\/h3>\n<h3>Ponudnik brez izrecnega dovoljenja njihovih star\u0161ev ali skrbnikov ne sme sprejemati kakr\u0161nihkoli osebnih podatkov, ki zadevajo otroke. Prav tako ponudnik tretji osebi ne sme izdajati podatkov, sprejetih od otrok, izjema so star\u0161i oziroma skrbniki. Ponudnik ne sme ponujati prostega dostopa do izdelkov ali storitev, ki so \u0161kodljive za otroke.<\/h3>\n<h3><strong>Izjemno razkritje osebnih podatkov<\/strong><\/h3>\n<h3>Podatki, ki jih Bautica.si zbira in obdeluje, bodo razkriti le, \u010de je taka obveznost dolo\u010dena v zakonu, ali v dobri veri, da je tako ukrepanje potrebno za postopke pred sodi\u0161\u010di ali drugimi dr\u017eavnimi organi ter za za\u0161\u010dito in uresni\u010devanje zakonitih interesov.<\/h3>\n<h3><strong>Pravica do obve\u0161\u010danja<\/strong><\/h3>\n<h3>Imate pravico do nepla\u010dljivih informacij o va\u0161ih osebnih podatkih, s katerimi razpolagamo, kot tudi pravico do izbrisa teh podatkov. \u010ce imate vpra\u0161anja glede izbrisa, predelave ali uporabe va\u0161ih podatkov, se obrnite na: info@bautica.si\u00a0ali nam po\u0161ljite zahtevek po po\u0161ti.<\/h3>\n<h3>Obvestila o stanju naro\u010dila: pridr\u017eujemo si pravico, da vas na vpisano tel. \u0161tevilko preko sms sporo\u010dila obvestimo, ko je va\u0161e naro\u010dilo odpremljeno in \u010de artikli niso bili prevzeti od 3 do 5 dni. \u010ce artikli niso bili prevzeti ve\u010d kot 5 dni, si pridr\u017eujemo pravico klica na posredovano telefonsko \u0161tevilko, kot opomnik za prevzem artiklov.<\/h3>\n<h3>Obvestila: po prijavi na obvestila bosta va\u0161e ime, tel. \u0161tevilka in va\u0161 elektronski naslov z va\u0161im dovoljenjem uporabljena v reklamne namene, dokler se iz obve\u0161\u010danja ne odjavite. Na prejemanje obvestil se prijavite le, \u010de je ob naro\u010dilu obkljukano posebno polje, ki vam omogo\u010da prijavo. Obvestilo lahko prejmete preko e-maila, SMS-a ali telefonskega klica.<\/h3>\n<h3>V primeru vpisa e-mail naslova na Facebook ali v obrazec na prvi strani bautica.si, preko katerega pridobite kupon za popust na va\u0161e naro\u010dilo, bomo va\u0161 e-mail naslov shranili za namene obve\u0161\u010danja o posebnih ugodnostih in promocijah spletne trgovine bautica.si. Iz baze prejemnikov obvestil se lahko kadarkoli odjavite s sporo\u010dilom na info@bautica.si\u00a0ali s klikom na povezavo \u2018Odjava\u2019 na dnu promocijskih e-mail sporo\u010dil.<\/h3>\n<h3>Za odjavo od ob\u010dasnih promocijskih SMS sporo\u010dil na prejeto SMS spro\u010dilo odgovorite z besedilom \u201cOdjava\u201d in va\u0161o telefonsko \u0161tevilko bomo odstranili iz baze prejemnikov sporo\u010dil.<\/h3>\n<h3>Pravica, da od podjetja Zajcnet, Zajc Jo\u017eef s.p. kot upravljavca osebnih podatkov kadarkoli zahtevam:<\/h3>\n<ul>\n<li>\n<h3>Dostop do osebnih podatkov in naslednje informacije:<\/h3>\n<\/li>\n<li>\n<h3>namene obdelave,<\/h3>\n<\/li>\n<li>\n<h3>vrste osebnih podatkov, uporabnike ali kategorije uporabnikov, ki so jim bili ali jim bodo razkriti osebni podatki, zlasti uporabnike v tretjih dr\u017eavah ali mednarodnih organizacijah,<\/h3>\n<\/li>\n<li>\n<h3>predvideno obdobje hrambe osebnih podatkov ali, \u010de to ni mogo\u010de, merila, ki se uporabijo za dolo\u010ditev tega obdobja,<\/h3>\n<\/li>\n<li>\n<h3>obstoj avtomatiziranega sprejemanja odlo\u010ditev, vklju\u010dno z oblikovanjem profilov.<\/h3>\n<\/li>\n<li>\n<h3>Razloge zanj kot tudi pomen in predvidene posledice take obdelave za posameznika.<\/h3>\n<\/li>\n<li>\n<h3>Eno (brezpla\u010dno) kopijo osebnih podatkov v obliki, ki jo dolo\u010dim sam (\u010de je zahteva podana z elektronskim sredstvom za komunikacijo in ne zahtevam druga\u010de, se kopija zagotovi v elektronski obliki). Za dodatne kopije, ki jih zahtevam, lahko upravljavec zara\u010duna razumno pristojbino ob upo\u0161tevanju stro\u0161kov.<\/h3>\n<\/li>\n<li>\n<h3>Popravek neto\u010dnih osebnih podatkov.<\/h3>\n<\/li>\n<li>\n<h3>Omejitev obdelave, kadar:<\/h3>\n<\/li>\n<li>\n<h3>oporekam to\u010dnosti osebnih podatkov, in sicer za obdobje, ki upravljavcu omogo\u010da preveriti to\u010dnost osebnih podatkov,<\/h3>\n<\/li>\n<li>\n<h3>je obdelava nezakonita in nasprotujem izbrisu osebnih podatkov ter namesto tega zahtevam omejitev njihove uporabe,<\/h3>\n<\/li>\n<li>\n<h3>upravljavec osebnih podatkov ne potrebuje ve\u010d za namene obdelave, pa jih jaz potrebujem za uveljavljanje, izvajanje ali obrambo pravnih zahtevkov.<\/h3>\n<\/li>\n<li>\n<h3>Izbris vseh osebnih podatkov (pravica do pozabe), \u010de so izpolnjene predpostavke iz 17. \u010dlena Splo\u0161ne uredbe o varstvu podatkov, predvsem pa v primeru, kadar prekli\u010dem to privolitev za obdelavo osebnih podatkov.<\/h3>\n<\/li>\n<li>\n<h3>Izpis osebnih podatkov v strukturirani, splo\u0161no uporabljani in strojno berljivi obliki, s pravico, da te podatke posredujem drugemu upravljavcu, ne da bi me prvotni upravljavec pri tem oviral.<\/h3>\n<\/li>\n<li>\n<h3>Prenehanje uporabe osebnih podatkov za namene neposrednega tr\u017eenja, vklju\u010dno z oblikovanjem profilov.<\/h3>\n<\/li>\n<li>\n<h3>Da zame ne velja odlo\u010ditev, ki temelji zgolj na avtomatizirani obdelavi, vklju\u010dno z oblikovanjem profilov, ki ima pravne u\u010dinke v zvezi z mano ali na podoben na\u010din name znatno vpliva, \u010de so izpolnjene predpostavke iz \u010dlena 22 Splo\u0161ne uredbe o varstvu podatkov.<\/h3>\n<\/li>\n<li>\n<h3>Pravica, da zoper upravljavca vlo\u017eim prito\u017ebo pri informacijskem poobla\u0161\u010dencu, \u010de menim, da obdelava mojih osebnih podatkov kr\u0161i Splo\u0161no uredbo o varstvu podatkov.<\/h3>\n<\/li>\n<\/ul>\n<h3><strong>Postopek uveljavljanja pravic<\/strong><\/h3>\n<h3>Seznanjen sem, da lahko vse zgoraj navedene zahteve, ki se ti\u010dejo uveljavljanja pravic v zvezi z osebnimi podatki, naslovim v pisni obliki na upravljavca, in sicer na elektronski naslov info@bautica.si .<\/h3>\n<h3>Seznanjen sem, da lahko upravljavec za potrebe zanesljive identifikacije v primeru uveljavljanja pravic v zvezi z osebnimi podatki od mene zahteva dodatne podatke, ukrepanje pa lahko zavrne le v primeru, da doka\u017ee, da me ne more zanesljivo identificirati.<\/h3>\n<h3>Seznanjen sem, da mora upravljavec na mojo zahtevo, s katero uveljavljam svoje pravice v zvezi z zgoraj navedenimi osebnimi podatki, odgovoriti brez nepotrebnega odla\u0161anja in najpozneje v enem mesecu od prejema zahteve.<\/h3>\n<h3><strong>O pi\u0161kotkih<\/strong><\/h3>\n<h3>Kaj so pi\u0161kotki in zakaj so potrebni?<\/h3>\n<h3>Pi\u0161kotek je kratko besedilo, ki ga spletna stran ob va\u0161em obisku po\u0161lje brskalniku. Tako vas spletna stran prepozna, si z njim zapomni podatke o va\u0161em obisku in vam omogo\u010di prijazno ter enostavnej\u0161o spletno storitev. S pomo\u010djo pi\u0161kotkov prilagajamo vsebino na na\u0161i spletni strani, si zapomnimo va\u0161e preference in bele\u017eimo obisk na\u0161e spletne trgovine. Brskanje po na\u0161i spletni trgovini je s pi\u0161kotki prijetnej\u0161e, hitrej\u0161e in predvsem u\u010dinkovitej\u0161e.<\/h3>\n<h3><strong>Onemogo\u010danje pi\u0161kotkov<\/strong><\/h3>\n<h3>Vi odlo\u010dite, ali boste dovolili shranjevanje pi\u0161kotkov na va\u0161i napravi. Nastavitve za pi\u0161kotke lahko nadzirate in spreminjate v va\u0161em spletnem brskalniku.<\/h3>\n<h3>Za informacije o nastavitvah za pi\u0161kotke izberite spletni brskalnik, ki ga uporabljate.<\/h3>\n<ul>\n<li>\n<h3><a href=\"https:\/\/support.google.com\/chrome\/answer\/95647?hl=sl-sl&amp;p=cpn_cookies\">Chrome<\/a><\/h3>\n<\/li>\n<li>\n<h3><a href=\"https:\/\/support.mozilla.org\/sl\/kb\/Kako%20aktivirate%20in%20deaktivirate%20pi%C5%A1kote\">Firefox<\/a><\/h3>\n<\/li>\n<li>\n<h3><a href=\"https:\/\/www.opera.com\/help\/tutorials\/security\/cookies\/\">Opera<\/a><\/h3>\n<\/li>\n<li>\n<h3><a href=\"https:\/\/windows.microsoft.com\/sl-si\/windows7\/how-to-manage-cookies-in-internet-explorer-9\">Internet Explorer 9<\/a><\/h3>\n<\/li>\n<li>\n<h3><a href=\"https:\/\/windows.microsoft.com\/sl-si\/windows-vista\/block-or-allow-cookies\">Internet Explorer 7 in 8<\/a><\/h3>\n<\/li>\n<li>\n<h3><a href=\"https:\/\/support.apple.com\/kb\/PH11913\">Safari<\/a><\/h3>\n<\/li>\n<\/ul>\n<h3>\u010ce spremenite ali izbri\u0161ete brskalnikovo datoteko s pi\u0161kotki, spremenite ali nagradite va\u0161 brskalnik ali napravo, boste morda morali ponovno onemogo\u010diti pi\u0161kotke. Postopek za upravljanje in brisanje pi\u0161kotkov se razlikuje od brskalnika do brskalnika. \u010ce pri tem potrebujete pomo\u010d, lahko pogledate v brskalnikovi pomo\u010di uporabnikom. Sledenju Google Analytics lahko onemogo\u010dite tudi na naslednji\u00a0<a href=\"https:\/\/tools.google.com\/dlpage\/gaoptout\">povezavi<\/a>.<\/h3>\n","protected":false},"excerpt":{"rendered":"<p>Zasebnost in pi\u0161kotki Osebni podatki na\u0161ih uporabnikov so eno izmed podro\u010dij, kateremu posve\u010damo izredno skrb in pozornost. Poskrbimo, da so vse zahteve ne samo dose\u017eene, ampak jih, \u010de se le da, prese\u017eemo, saj se zavedamo ob\u010dutljive narave tega podro\u010dja. Upravitelj spletne trgovine bautica.si je Zajcnet, Jo\u017eef Zajc., je v skladu z Zakonom o varstvu osebnih [&hellip;]<\/p>\n","protected":false},"author":1,"featured_media":0,"parent":0,"menu_order":0,"comment_status":"closed","ping_status":"closed","template":"","meta":{"footnotes":""},"class_list":["post-57","page","type-page","status-publish","hentry"],"yoast_head":"<!-- This site is optimized with the Yoast SEO plugin v27.4 - https:\/\/yoast.com\/product\/yoast-seo-wordpress\/ -->\n<title>BauticaBAUTICA Politika zasebnosti<\/title>\n<meta name=\"description\" content=\"Bautica Vse za vas Spletna trgovina BauticaBAUTICA Politika zasebnosti\" \/>\n<meta name=\"robots\" content=\"index, follow, max-snippet:-1, max-image-preview:large, max-video-preview:-1\" \/>\n<link rel=\"canonical\" href=\"https:\/\/www.bautica.si\/blog\/politika-zasebnosti\/\" \/>\n<meta property=\"og:locale\" content=\"sl_SI\" \/>\n<meta property=\"og:type\" content=\"article\" \/>\n<meta property=\"og:title\" content=\"BauticaBAUTICA Politika zasebnosti\" \/>\n<meta property=\"og:description\" content=\"Bautica Vse za vas Spletna trgovina BauticaBAUTICA Politika zasebnosti\" \/>\n<meta property=\"og:url\" content=\"https:\/\/www.bautica.si\/blog\/politika-zasebnosti\/\" \/>\n<meta property=\"og:site_name\" content=\"BAUTICA\" \/>\n<meta property=\"article:publisher\" content=\"https:\/\/facebook.com\" \/>\n<meta property=\"article:modified_time\" content=\"2020-05-12T07:40:33+00:00\" \/>\n<meta name=\"twitter:card\" content=\"summary_large_image\" \/>\n<meta name=\"twitter:label1\" content=\"Est. reading time\" \/>\n\t<meta name=\"twitter:data1\" content=\"8 minut\" \/>\n<script type=\"application\/ld+json\" class=\"yoast-schema-graph\">{\"@context\":\"https:\\\/\\\/schema.org\",\"@graph\":[{\"@type\":\"WebPage\",\"@id\":\"https:\\\/\\\/www.bautica.si\\\/blog\\\/politika-zasebnosti\\\/\",\"url\":\"https:\\\/\\\/www.bautica.si\\\/blog\\\/politika-zasebnosti\\\/\",\"name\":\"BauticaBAUTICA Politika zasebnosti\",\"isPartOf\":{\"@id\":\"https:\\\/\\\/www.bautica.si\\\/blog\\\/#website\"},\"datePublished\":\"2019-11-28T19:09:16+00:00\",\"dateModified\":\"2020-05-12T07:40:33+00:00\",\"description\":\"Bautica Vse za vas Spletna trgovina BauticaBAUTICA Politika zasebnosti\",\"breadcrumb\":{\"@id\":\"https:\\\/\\\/www.bautica.si\\\/blog\\\/politika-zasebnosti\\\/#breadcrumb\"},\"inLanguage\":\"sl-SI\",\"potentialAction\":[{\"@type\":\"ReadAction\",\"target\":[\"https:\\\/\\\/www.bautica.si\\\/blog\\\/politika-zasebnosti\\\/\"]}]},{\"@type\":\"BreadcrumbList\",\"@id\":\"https:\\\/\\\/www.bautica.si\\\/blog\\\/politika-zasebnosti\\\/#breadcrumb\",\"itemListElement\":[{\"@type\":\"ListItem\",\"position\":1,\"name\":\"Home\",\"item\":\"https:\\\/\\\/www.bautica.si\\\/blog\\\/\"},{\"@type\":\"ListItem\",\"position\":2,\"name\":\"Politika zasebnosti\"}]},{\"@type\":\"WebSite\",\"@id\":\"https:\\\/\\\/www.bautica.si\\\/blog\\\/#website\",\"url\":\"https:\\\/\\\/www.bautica.si\\\/blog\\\/\",\"name\":\"BAUTICA\",\"description\":\"Vse za vas\",\"publisher\":{\"@id\":\"https:\\\/\\\/www.bautica.si\\\/blog\\\/#organization\"},\"potentialAction\":[{\"@type\":\"SearchAction\",\"target\":{\"@type\":\"EntryPoint\",\"urlTemplate\":\"https:\\\/\\\/www.bautica.si\\\/blog\\\/?s={search_term_string}\"},\"query-input\":{\"@type\":\"PropertyValueSpecification\",\"valueRequired\":true,\"valueName\":\"search_term_string\"}}],\"inLanguage\":\"sl-SI\"},{\"@type\":\"Organization\",\"@id\":\"https:\\\/\\\/www.bautica.si\\\/blog\\\/#organization\",\"name\":\"Zajcnet\",\"url\":\"https:\\\/\\\/www.bautica.si\\\/blog\\\/\",\"logo\":{\"@type\":\"ImageObject\",\"inLanguage\":\"sl-SI\",\"@id\":\"https:\\\/\\\/www.bautica.si\\\/blog\\\/#\\\/schema\\\/logo\\\/image\\\/\",\"url\":\"https:\\\/\\\/www.bautica.si\\\/wp-content\\\/uploads\\\/2019\\\/12\\\/bautica-logo-190x60.jpg\",\"contentUrl\":\"https:\\\/\\\/www.bautica.si\\\/wp-content\\\/uploads\\\/2019\\\/12\\\/bautica-logo-190x60.jpg\",\"width\":190,\"height\":60,\"caption\":\"Zajcnet\"},\"image\":{\"@id\":\"https:\\\/\\\/www.bautica.si\\\/blog\\\/#\\\/schema\\\/logo\\\/image\\\/\"},\"sameAs\":[\"https:\\\/\\\/facebook.com\"]}]}<\/script>\n<!-- \/ Yoast SEO plugin. -->","yoast_head_json":{"title":"BauticaBAUTICA Politika zasebnosti","description":"Bautica Vse za vas Spletna trgovina BauticaBAUTICA Politika zasebnosti","robots":{"index":"index","follow":"follow","max-snippet":"max-snippet:-1","max-image-preview":"max-image-preview:large","max-video-preview":"max-video-preview:-1"},"canonical":"https:\/\/www.bautica.si\/blog\/politika-zasebnosti\/","og_locale":"sl_SI","og_type":"article","og_title":"BauticaBAUTICA Politika zasebnosti","og_description":"Bautica Vse za vas Spletna trgovina BauticaBAUTICA Politika zasebnosti","og_url":"https:\/\/www.bautica.si\/blog\/politika-zasebnosti\/","og_site_name":"BAUTICA","article_publisher":"https:\/\/facebook.com","article_modified_time":"2020-05-12T07:40:33+00:00","twitter_card":"summary_large_image","twitter_misc":{"Est. reading time":"8 minut"},"schema":{"@context":"https:\/\/schema.org","@graph":[{"@type":"WebPage","@id":"https:\/\/www.bautica.si\/blog\/politika-zasebnosti\/","url":"https:\/\/www.bautica.si\/blog\/politika-zasebnosti\/","name":"BauticaBAUTICA Politika zasebnosti","isPartOf":{"@id":"https:\/\/www.bautica.si\/blog\/#website"},"datePublished":"2019-11-28T19:09:16+00:00","dateModified":"2020-05-12T07:40:33+00:00","description":"Bautica Vse za vas Spletna trgovina BauticaBAUTICA Politika zasebnosti","breadcrumb":{"@id":"https:\/\/www.bautica.si\/blog\/politika-zasebnosti\/#breadcrumb"},"inLanguage":"sl-SI","potentialAction":[{"@type":"ReadAction","target":["https:\/\/www.bautica.si\/blog\/politika-zasebnosti\/"]}]},{"@type":"BreadcrumbList","@id":"https:\/\/www.bautica.si\/blog\/politika-zasebnosti\/#breadcrumb","itemListElement":[{"@type":"ListItem","position":1,"name":"Home","item":"https:\/\/www.bautica.si\/blog\/"},{"@type":"ListItem","position":2,"name":"Politika zasebnosti"}]},{"@type":"WebSite","@id":"https:\/\/www.bautica.si\/blog\/#website","url":"https:\/\/www.bautica.si\/blog\/","name":"BAUTICA","description":"Vse za vas","publisher":{"@id":"https:\/\/www.bautica.si\/blog\/#organization"},"potentialAction":[{"@type":"SearchAction","target":{"@type":"EntryPoint","urlTemplate":"https:\/\/www.bautica.si\/blog\/?s={search_term_string}"},"query-input":{"@type":"PropertyValueSpecification","valueRequired":true,"valueName":"search_term_string"}}],"inLanguage":"sl-SI"},{"@type":"Organization","@id":"https:\/\/www.bautica.si\/blog\/#organization","name":"Zajcnet","url":"https:\/\/www.bautica.si\/blog\/","logo":{"@type":"ImageObject","inLanguage":"sl-SI","@id":"https:\/\/www.bautica.si\/blog\/#\/schema\/logo\/image\/","url":"https:\/\/www.bautica.si\/wp-content\/uploads\/2019\/12\/bautica-logo-190x60.jpg","contentUrl":"https:\/\/www.bautica.si\/wp-content\/uploads\/2019\/12\/bautica-logo-190x60.jpg","width":190,"height":60,"caption":"Zajcnet"},"image":{"@id":"https:\/\/www.bautica.si\/blog\/#\/schema\/logo\/image\/"},"sameAs":["https:\/\/facebook.com"]}]}},"_links":{"self":[{"href":"https:\/\/www.bautica.si\/blog\/wp-json\/wp\/v2\/pages\/57","targetHints":{"allow":["GET"]}}],"collection":[{"href":"https:\/\/www.bautica.si\/blog\/wp-json\/wp\/v2\/pages"}],"about":[{"href":"https:\/\/www.bautica.si\/blog\/wp-json\/wp\/v2\/types\/page"}],"author":[{"embeddable":true,"href":"https:\/\/www.bautica.si\/blog\/wp-json\/wp\/v2\/users\/1"}],"replies":[{"embeddable":true,"href":"https:\/\/www.bautica.si\/blog\/wp-json\/wp\/v2\/comments?post=57"}],"version-history":[{"count":8,"href":"https:\/\/www.bautica.si\/blog\/wp-json\/wp\/v2\/pages\/57\/revisions"}],"predecessor-version":[{"id":7062,"href":"https:\/\/www.bautica.si\/blog\/wp-json\/wp\/v2\/pages\/57\/revisions\/7062"}],"wp:attachment":[{"href":"https:\/\/www.bautica.si\/blog\/wp-json\/wp\/v2\/media?parent=57"}],"curies":[{"name":"wp","href":"https:\/\/api.w.org\/{rel}","templated":true}]}}