{"id":75,"date":"2019-11-28T13:17:20","date_gmt":"2019-11-28T12:17:20","guid":{"rendered":"https:\/\/www.bautica.si\/?page_id=110"},"modified":"2020-05-12T08:44:29","modified_gmt":"2020-05-12T07:44:29","slug":"domov","status":"publish","type":"page","link":"https:\/\/www.bautica.si\/blog\/","title":{"rendered":"Domov"},"content":{"rendered":"<p><span style=\"font-size: 18pt;\">Pozdravljeni v spletni trgovini\u00a0<a href=\"https:\/\/www.bautica.si\/\">BAUTICA<\/a>. Smo dropshipping podjetje, ki se ukvarja z spletno prodajo razli\u010dnih izdelkov. Vse pisno objavljene vsebine (razen slik in videoposnetkov) so avtorsko delo podjetja Zajcnet. \u010ce so zraven objavljene tudi slike in\/ali video posnetki, smo jih prejeli s strani dobaviteljev, na katerega tako prelagamo odgovornost za spo\u0161tovanje avtorskih pravic. Zaradi avtorskih pravic so teksti na slikah in v videoposnetkih v tujem jeziku(angle\u0161kem,nem\u0161kem jeziku itd..).Prosimo za razumevanje.\u00a0<\/span><\/p>\n<p>&nbsp;<\/p>\n","protected":false},"excerpt":{"rendered":"<p>Pozdravljeni v spletni trgovini\u00a0BAUTICA. Smo dropshipping podjetje, ki se ukvarja z spletno prodajo razli\u010dnih izdelkov. Vse pisno objavljene vsebine (razen slik in videoposnetkov) so avtorsko delo podjetja Zajcnet. \u010ce so zraven objavljene tudi slike in\/ali video posnetki, smo jih prejeli s strani dobaviteljev, na katerega tako prelagamo odgovornost za spo\u0161tovanje avtorskih pravic. Zaradi avtorskih pravic [&hellip;]<\/p>\n","protected":false},"author":1,"featured_media":0,"parent":0,"menu_order":1,"comment_status":"closed","ping_status":"closed","template":"page-templates\/page-front.php","meta":{"footnotes":""},"class_list":["post-75","page","type-page","status-publish","hentry"],"yoast_head":"<!-- This site is optimized with the Yoast SEO plugin v27.4 - https:\/\/yoast.com\/product\/yoast-seo-wordpress\/ -->\n<title>Bautica zaupanja vredna spletna trgovina nakupujte pri nas<\/title>\n<meta name=\"description\" content=\"Spletna trgovina Bautica top prodajni izdelki, najbolj prodajano, priporo\u010deni izdelki, vse za vas v Bautici dobite to\u010dno to kar naro\u010dite Vse\" \/>\n<meta name=\"robots\" content=\"index, follow, max-snippet:-1, max-image-preview:large, max-video-preview:-1\" \/>\n<link rel=\"canonical\" href=\"https:\/\/www.bautica.si\/blog\/\" \/>\n<meta property=\"og:locale\" content=\"sl_SI\" \/>\n<meta property=\"og:type\" content=\"article\" \/>\n<meta property=\"og:title\" content=\"Bautica zaupanja vredna spletna trgovina nakupujte pri nas\" \/>\n<meta property=\"og:description\" content=\"Spletna trgovina Bautica top prodajni izdelki, najbolj prodajano, priporo\u010deni izdelki, vse za vas v Bautici dobite to\u010dno to kar naro\u010dite Vse\" \/>\n<meta property=\"og:url\" content=\"https:\/\/www.bautica.si\/blog\/\" \/>\n<meta property=\"og:site_name\" content=\"BAUTICA\" \/>\n<meta property=\"article:publisher\" content=\"https:\/\/facebook.com\" \/>\n<meta property=\"article:modified_time\" content=\"2020-05-12T07:44:29+00:00\" \/>\n<meta name=\"twitter:card\" content=\"summary_large_image\" \/>\n<script type=\"application\/ld+json\" class=\"yoast-schema-graph\">{\"@context\":\"https:\\\/\\\/schema.org\",\"@graph\":[{\"@type\":\"WebPage\",\"@id\":\"https:\\\/\\\/www.bautica.si\\\/blog\\\/\",\"url\":\"https:\\\/\\\/www.bautica.si\\\/blog\\\/\",\"name\":\"Bautica zaupanja vredna spletna trgovina nakupujte pri nas\",\"isPartOf\":{\"@id\":\"https:\\\/\\\/www.bautica.si\\\/blog\\\/#website\"},\"datePublished\":\"2019-11-28T12:17:20+00:00\",\"dateModified\":\"2020-05-12T07:44:29+00:00\",\"description\":\"Spletna trgovina Bautica top prodajni izdelki, najbolj prodajano, priporo\u010deni izdelki, vse za vas v Bautici dobite to\u010dno to kar naro\u010dite Vse\",\"breadcrumb\":{\"@id\":\"https:\\\/\\\/www.bautica.si\\\/blog\\\/#breadcrumb\"},\"inLanguage\":\"sl-SI\",\"potentialAction\":[{\"@type\":\"ReadAction\",\"target\":[\"https:\\\/\\\/www.bautica.si\\\/blog\\\/\"]}]},{\"@type\":\"BreadcrumbList\",\"@id\":\"https:\\\/\\\/www.bautica.si\\\/blog\\\/#breadcrumb\",\"itemListElement\":[{\"@type\":\"ListItem\",\"position\":1,\"name\":\"Home\",\"item\":\"https:\\\/\\\/www.bautica.si\\\/blog\\\/\"},{\"@type\":\"ListItem\",\"position\":2,\"name\":\"Domov\"}]},{\"@type\":\"WebSite\",\"@id\":\"https:\\\/\\\/www.bautica.si\\\/blog\\\/#website\",\"url\":\"https:\\\/\\\/www.bautica.si\\\/blog\\\/\",\"name\":\"BAUTICA\",\"description\":\"Vse za vas\",\"publisher\":{\"@id\":\"https:\\\/\\\/www.bautica.si\\\/blog\\\/#organization\"},\"potentialAction\":[{\"@type\":\"SearchAction\",\"target\":{\"@type\":\"EntryPoint\",\"urlTemplate\":\"https:\\\/\\\/www.bautica.si\\\/blog\\\/?s={search_term_string}\"},\"query-input\":{\"@type\":\"PropertyValueSpecification\",\"valueRequired\":true,\"valueName\":\"search_term_string\"}}],\"inLanguage\":\"sl-SI\"},{\"@type\":\"Organization\",\"@id\":\"https:\\\/\\\/www.bautica.si\\\/blog\\\/#organization\",\"name\":\"Zajcnet\",\"url\":\"https:\\\/\\\/www.bautica.si\\\/blog\\\/\",\"logo\":{\"@type\":\"ImageObject\",\"inLanguage\":\"sl-SI\",\"@id\":\"https:\\\/\\\/www.bautica.si\\\/blog\\\/#\\\/schema\\\/logo\\\/image\\\/\",\"url\":\"https:\\\/\\\/www.bautica.si\\\/wp-content\\\/uploads\\\/2019\\\/12\\\/bautica-logo-190x60.jpg\",\"contentUrl\":\"https:\\\/\\\/www.bautica.si\\\/wp-content\\\/uploads\\\/2019\\\/12\\\/bautica-logo-190x60.jpg\",\"width\":190,\"height\":60,\"caption\":\"Zajcnet\"},\"image\":{\"@id\":\"https:\\\/\\\/www.bautica.si\\\/blog\\\/#\\\/schema\\\/logo\\\/image\\\/\"},\"sameAs\":[\"https:\\\/\\\/facebook.com\"]}]}<\/script>\n<!-- \/ Yoast SEO plugin. -->","yoast_head_json":{"title":"Bautica zaupanja vredna spletna trgovina nakupujte pri nas","description":"Spletna trgovina Bautica top prodajni izdelki, najbolj prodajano, priporo\u010deni izdelki, vse za vas v Bautici dobite to\u010dno to kar naro\u010dite Vse","robots":{"index":"index","follow":"follow","max-snippet":"max-snippet:-1","max-image-preview":"max-image-preview:large","max-video-preview":"max-video-preview:-1"},"canonical":"https:\/\/www.bautica.si\/blog\/","og_locale":"sl_SI","og_type":"article","og_title":"Bautica zaupanja vredna spletna trgovina nakupujte pri nas","og_description":"Spletna trgovina Bautica top prodajni izdelki, najbolj prodajano, priporo\u010deni izdelki, vse za vas v Bautici dobite to\u010dno to kar naro\u010dite Vse","og_url":"https:\/\/www.bautica.si\/blog\/","og_site_name":"BAUTICA","article_publisher":"https:\/\/facebook.com","article_modified_time":"2020-05-12T07:44:29+00:00","twitter_card":"summary_large_image","schema":{"@context":"https:\/\/schema.org","@graph":[{"@type":"WebPage","@id":"https:\/\/www.bautica.si\/blog\/","url":"https:\/\/www.bautica.si\/blog\/","name":"Bautica zaupanja vredna spletna trgovina nakupujte pri nas","isPartOf":{"@id":"https:\/\/www.bautica.si\/blog\/#website"},"datePublished":"2019-11-28T12:17:20+00:00","dateModified":"2020-05-12T07:44:29+00:00","description":"Spletna trgovina Bautica top prodajni izdelki, najbolj prodajano, priporo\u010deni izdelki, vse za vas v Bautici dobite to\u010dno to kar naro\u010dite Vse","breadcrumb":{"@id":"https:\/\/www.bautica.si\/blog\/#breadcrumb"},"inLanguage":"sl-SI","potentialAction":[{"@type":"ReadAction","target":["https:\/\/www.bautica.si\/blog\/"]}]},{"@type":"BreadcrumbList","@id":"https:\/\/www.bautica.si\/blog\/#breadcrumb","itemListElement":[{"@type":"ListItem","position":1,"name":"Home","item":"https:\/\/www.bautica.si\/blog\/"},{"@type":"ListItem","position":2,"name":"Domov"}]},{"@type":"WebSite","@id":"https:\/\/www.bautica.si\/blog\/#website","url":"https:\/\/www.bautica.si\/blog\/","name":"BAUTICA","description":"Vse za vas","publisher":{"@id":"https:\/\/www.bautica.si\/blog\/#organization"},"potentialAction":[{"@type":"SearchAction","target":{"@type":"EntryPoint","urlTemplate":"https:\/\/www.bautica.si\/blog\/?s={search_term_string}"},"query-input":{"@type":"PropertyValueSpecification","valueRequired":true,"valueName":"search_term_string"}}],"inLanguage":"sl-SI"},{"@type":"Organization","@id":"https:\/\/www.bautica.si\/blog\/#organization","name":"Zajcnet","url":"https:\/\/www.bautica.si\/blog\/","logo":{"@type":"ImageObject","inLanguage":"sl-SI","@id":"https:\/\/www.bautica.si\/blog\/#\/schema\/logo\/image\/","url":"https:\/\/www.bautica.si\/wp-content\/uploads\/2019\/12\/bautica-logo-190x60.jpg","contentUrl":"https:\/\/www.bautica.si\/wp-content\/uploads\/2019\/12\/bautica-logo-190x60.jpg","width":190,"height":60,"caption":"Zajcnet"},"image":{"@id":"https:\/\/www.bautica.si\/blog\/#\/schema\/logo\/image\/"},"sameAs":["https:\/\/facebook.com"]}]}},"_links":{"self":[{"href":"https:\/\/www.bautica.si\/blog\/wp-json\/wp\/v2\/pages\/75","targetHints":{"allow":["GET"]}}],"collection":[{"href":"https:\/\/www.bautica.si\/blog\/wp-json\/wp\/v2\/pages"}],"about":[{"href":"https:\/\/www.bautica.si\/blog\/wp-json\/wp\/v2\/types\/page"}],"author":[{"embeddable":true,"href":"https:\/\/www.bautica.si\/blog\/wp-json\/wp\/v2\/users\/1"}],"replies":[{"embeddable":true,"href":"https:\/\/www.bautica.si\/blog\/wp-json\/wp\/v2\/comments?post=75"}],"version-history":[{"count":14,"href":"https:\/\/www.bautica.si\/blog\/wp-json\/wp\/v2\/pages\/75\/revisions"}],"predecessor-version":[{"id":7063,"href":"https:\/\/www.bautica.si\/blog\/wp-json\/wp\/v2\/pages\/75\/revisions\/7063"}],"wp:attachment":[{"href":"https:\/\/www.bautica.si\/blog\/wp-json\/wp\/v2\/media?parent=75"}],"curies":[{"name":"wp","href":"https:\/\/api.w.org\/{rel}","templated":true}]}}