{"id":76,"date":"2019-11-28T13:17:20","date_gmt":"2019-11-28T12:17:20","guid":{"rendered":"https:\/\/www.bautica.si\/?page_id=120"},"modified":"2020-01-31T14:47:00","modified_gmt":"2020-01-31T13:47:00","slug":"o-nas","status":"publish","type":"page","link":"https:\/\/www.bautica.si\/blog\/o-nas\/","title":{"rendered":"O nas"},"content":{"rendered":"<p style=\"text-align: center;\">Pozdravljeni v spletni trgovini <a href=\"https:\/\/www.bautica.si\">BAUTICA<\/a>. Smo ekipa navdu\u0161enih razvijalcev in podjetnikov, ki so se odlo\u010dili, da bodo svojo skupno izku\u0161njo pretvorili v to spletno trgovino. Upamo, da vam bo v\u0161e\u010d in \u017eelimo si, da boste imeli odli\u010dno izku\u0161njo nakupovanja. Na\u0161 glavni cilj je ustvariti trgovino, v kateri boste zlahka na\u0161li vse izdelke, ki jih potrebujete.<\/p>\n","protected":false},"excerpt":{"rendered":"<p>Pozdravljeni v spletni trgovini BAUTICA. Smo ekipa navdu\u0161enih razvijalcev in podjetnikov, ki so se odlo\u010dili, da bodo svojo skupno izku\u0161njo pretvorili v to spletno trgovino. Upamo, da vam bo v\u0161e\u010d in \u017eelimo si, da boste imeli odli\u010dno izku\u0161njo nakupovanja. Na\u0161 glavni cilj je ustvariti trgovino, v kateri boste zlahka na\u0161li vse izdelke, ki jih potrebujete.<\/p>\n","protected":false},"author":1,"featured_media":0,"parent":0,"menu_order":2,"comment_status":"closed","ping_status":"closed","template":"page-templates\/page-about-us.php","meta":{"footnotes":""},"class_list":["post-76","page","type-page","status-publish","hentry"],"yoast_head":"<!-- This site is optimized with the Yoast SEO plugin v27.4 - https:\/\/yoast.com\/product\/yoast-seo-wordpress\/ -->\n<title>Bautica vse za vas spletna trgovina Bautica varna pla\u010dila<\/title>\n<meta name=\"description\" content=\"Bautica vse za vas kupujte na Bautici zaupanja vredna spletna trgovina vse kar naro\u010dite to dobite varno pla\u010dilo Bautica\" \/>\n<meta name=\"robots\" content=\"index, follow, max-snippet:-1, max-image-preview:large, max-video-preview:-1\" \/>\n<link rel=\"canonical\" href=\"https:\/\/www.bautica.si\/blog\/o-nas\/\" \/>\n<meta property=\"og:locale\" content=\"sl_SI\" \/>\n<meta property=\"og:type\" content=\"article\" \/>\n<meta property=\"og:title\" content=\"Bautica vse za vas spletna trgovina Bautica varna pla\u010dila\" \/>\n<meta property=\"og:description\" content=\"Bautica vse za vas kupujte na Bautici zaupanja vredna spletna trgovina vse kar naro\u010dite to dobite varno pla\u010dilo Bautica\" \/>\n<meta property=\"og:url\" content=\"https:\/\/www.bautica.si\/blog\/o-nas\/\" \/>\n<meta property=\"og:site_name\" content=\"BAUTICA\" \/>\n<meta property=\"article:publisher\" content=\"https:\/\/facebook.com\" \/>\n<meta property=\"article:modified_time\" content=\"2020-01-31T13:47:00+00:00\" \/>\n<meta name=\"twitter:card\" content=\"summary_large_image\" \/>\n<script type=\"application\/ld+json\" class=\"yoast-schema-graph\">{\"@context\":\"https:\\\/\\\/schema.org\",\"@graph\":[{\"@type\":\"WebPage\",\"@id\":\"https:\\\/\\\/www.bautica.si\\\/blog\\\/o-nas\\\/\",\"url\":\"https:\\\/\\\/www.bautica.si\\\/blog\\\/o-nas\\\/\",\"name\":\"Bautica vse za vas spletna trgovina Bautica varna pla\u010dila\",\"isPartOf\":{\"@id\":\"https:\\\/\\\/www.bautica.si\\\/blog\\\/#website\"},\"datePublished\":\"2019-11-28T12:17:20+00:00\",\"dateModified\":\"2020-01-31T13:47:00+00:00\",\"description\":\"Bautica vse za vas kupujte na Bautici zaupanja vredna spletna trgovina vse kar naro\u010dite to dobite varno pla\u010dilo Bautica\",\"breadcrumb\":{\"@id\":\"https:\\\/\\\/www.bautica.si\\\/blog\\\/o-nas\\\/#breadcrumb\"},\"inLanguage\":\"sl-SI\",\"potentialAction\":[{\"@type\":\"ReadAction\",\"target\":[\"https:\\\/\\\/www.bautica.si\\\/blog\\\/o-nas\\\/\"]}]},{\"@type\":\"BreadcrumbList\",\"@id\":\"https:\\\/\\\/www.bautica.si\\\/blog\\\/o-nas\\\/#breadcrumb\",\"itemListElement\":[{\"@type\":\"ListItem\",\"position\":1,\"name\":\"Home\",\"item\":\"https:\\\/\\\/www.bautica.si\\\/blog\\\/\"},{\"@type\":\"ListItem\",\"position\":2,\"name\":\"O nas\"}]},{\"@type\":\"WebSite\",\"@id\":\"https:\\\/\\\/www.bautica.si\\\/blog\\\/#website\",\"url\":\"https:\\\/\\\/www.bautica.si\\\/blog\\\/\",\"name\":\"BAUTICA\",\"description\":\"Vse za vas\",\"publisher\":{\"@id\":\"https:\\\/\\\/www.bautica.si\\\/blog\\\/#organization\"},\"potentialAction\":[{\"@type\":\"SearchAction\",\"target\":{\"@type\":\"EntryPoint\",\"urlTemplate\":\"https:\\\/\\\/www.bautica.si\\\/blog\\\/?s={search_term_string}\"},\"query-input\":{\"@type\":\"PropertyValueSpecification\",\"valueRequired\":true,\"valueName\":\"search_term_string\"}}],\"inLanguage\":\"sl-SI\"},{\"@type\":\"Organization\",\"@id\":\"https:\\\/\\\/www.bautica.si\\\/blog\\\/#organization\",\"name\":\"Zajcnet\",\"url\":\"https:\\\/\\\/www.bautica.si\\\/blog\\\/\",\"logo\":{\"@type\":\"ImageObject\",\"inLanguage\":\"sl-SI\",\"@id\":\"https:\\\/\\\/www.bautica.si\\\/blog\\\/#\\\/schema\\\/logo\\\/image\\\/\",\"url\":\"https:\\\/\\\/www.bautica.si\\\/wp-content\\\/uploads\\\/2019\\\/12\\\/bautica-logo-190x60.jpg\",\"contentUrl\":\"https:\\\/\\\/www.bautica.si\\\/wp-content\\\/uploads\\\/2019\\\/12\\\/bautica-logo-190x60.jpg\",\"width\":190,\"height\":60,\"caption\":\"Zajcnet\"},\"image\":{\"@id\":\"https:\\\/\\\/www.bautica.si\\\/blog\\\/#\\\/schema\\\/logo\\\/image\\\/\"},\"sameAs\":[\"https:\\\/\\\/facebook.com\"]}]}<\/script>\n<!-- \/ Yoast SEO plugin. -->","yoast_head_json":{"title":"Bautica vse za vas spletna trgovina Bautica varna pla\u010dila","description":"Bautica vse za vas kupujte na Bautici zaupanja vredna spletna trgovina vse kar naro\u010dite to dobite varno pla\u010dilo Bautica","robots":{"index":"index","follow":"follow","max-snippet":"max-snippet:-1","max-image-preview":"max-image-preview:large","max-video-preview":"max-video-preview:-1"},"canonical":"https:\/\/www.bautica.si\/blog\/o-nas\/","og_locale":"sl_SI","og_type":"article","og_title":"Bautica vse za vas spletna trgovina Bautica varna pla\u010dila","og_description":"Bautica vse za vas kupujte na Bautici zaupanja vredna spletna trgovina vse kar naro\u010dite to dobite varno pla\u010dilo Bautica","og_url":"https:\/\/www.bautica.si\/blog\/o-nas\/","og_site_name":"BAUTICA","article_publisher":"https:\/\/facebook.com","article_modified_time":"2020-01-31T13:47:00+00:00","twitter_card":"summary_large_image","schema":{"@context":"https:\/\/schema.org","@graph":[{"@type":"WebPage","@id":"https:\/\/www.bautica.si\/blog\/o-nas\/","url":"https:\/\/www.bautica.si\/blog\/o-nas\/","name":"Bautica vse za vas spletna trgovina Bautica varna pla\u010dila","isPartOf":{"@id":"https:\/\/www.bautica.si\/blog\/#website"},"datePublished":"2019-11-28T12:17:20+00:00","dateModified":"2020-01-31T13:47:00+00:00","description":"Bautica vse za vas kupujte na Bautici zaupanja vredna spletna trgovina vse kar naro\u010dite to dobite varno pla\u010dilo Bautica","breadcrumb":{"@id":"https:\/\/www.bautica.si\/blog\/o-nas\/#breadcrumb"},"inLanguage":"sl-SI","potentialAction":[{"@type":"ReadAction","target":["https:\/\/www.bautica.si\/blog\/o-nas\/"]}]},{"@type":"BreadcrumbList","@id":"https:\/\/www.bautica.si\/blog\/o-nas\/#breadcrumb","itemListElement":[{"@type":"ListItem","position":1,"name":"Home","item":"https:\/\/www.bautica.si\/blog\/"},{"@type":"ListItem","position":2,"name":"O nas"}]},{"@type":"WebSite","@id":"https:\/\/www.bautica.si\/blog\/#website","url":"https:\/\/www.bautica.si\/blog\/","name":"BAUTICA","description":"Vse za vas","publisher":{"@id":"https:\/\/www.bautica.si\/blog\/#organization"},"potentialAction":[{"@type":"SearchAction","target":{"@type":"EntryPoint","urlTemplate":"https:\/\/www.bautica.si\/blog\/?s={search_term_string}"},"query-input":{"@type":"PropertyValueSpecification","valueRequired":true,"valueName":"search_term_string"}}],"inLanguage":"sl-SI"},{"@type":"Organization","@id":"https:\/\/www.bautica.si\/blog\/#organization","name":"Zajcnet","url":"https:\/\/www.bautica.si\/blog\/","logo":{"@type":"ImageObject","inLanguage":"sl-SI","@id":"https:\/\/www.bautica.si\/blog\/#\/schema\/logo\/image\/","url":"https:\/\/www.bautica.si\/wp-content\/uploads\/2019\/12\/bautica-logo-190x60.jpg","contentUrl":"https:\/\/www.bautica.si\/wp-content\/uploads\/2019\/12\/bautica-logo-190x60.jpg","width":190,"height":60,"caption":"Zajcnet"},"image":{"@id":"https:\/\/www.bautica.si\/blog\/#\/schema\/logo\/image\/"},"sameAs":["https:\/\/facebook.com"]}]}},"_links":{"self":[{"href":"https:\/\/www.bautica.si\/blog\/wp-json\/wp\/v2\/pages\/76","targetHints":{"allow":["GET"]}}],"collection":[{"href":"https:\/\/www.bautica.si\/blog\/wp-json\/wp\/v2\/pages"}],"about":[{"href":"https:\/\/www.bautica.si\/blog\/wp-json\/wp\/v2\/types\/page"}],"author":[{"embeddable":true,"href":"https:\/\/www.bautica.si\/blog\/wp-json\/wp\/v2\/users\/1"}],"replies":[{"embeddable":true,"href":"https:\/\/www.bautica.si\/blog\/wp-json\/wp\/v2\/comments?post=76"}],"version-history":[{"count":6,"href":"https:\/\/www.bautica.si\/blog\/wp-json\/wp\/v2\/pages\/76\/revisions"}],"predecessor-version":[{"id":168,"href":"https:\/\/www.bautica.si\/blog\/wp-json\/wp\/v2\/pages\/76\/revisions\/168"}],"wp:attachment":[{"href":"https:\/\/www.bautica.si\/blog\/wp-json\/wp\/v2\/media?parent=76"}],"curies":[{"name":"wp","href":"https:\/\/api.w.org\/{rel}","templated":true}]}}