{"id":81,"date":"2019-11-28T13:17:20","date_gmt":"2019-11-28T12:17:20","guid":{"rendered":"https:\/\/www.bautica.si\/?page_id=180"},"modified":"2019-11-28T20:50:26","modified_gmt":"2019-11-28T19:50:26","slug":"frequently-asked-questions","status":"publish","type":"page","link":"https:\/\/www.bautica.si\/blog\/frequently-asked-questions\/","title":{"rendered":"Pogosto zastavljena vpra\u0161anja"},"content":{"rendered":"<p><strong>POGOSTO ZASTAVLJENA VPRA\u0160ANJA<\/strong><\/p>\n<p><strong>Kako iskati izdelke?<\/strong><\/p>\n<p>Poi\u0161\u010dite izdelke tako, da v iskalno vrstico na vrhu katere koli strani vnesete ime ali klju\u010dno besedo. Poskusite vnesti splo\u0161ni opis. Ve\u010d klju\u010dnih besed, ki jih uporabljate, manj izdelkov boste dobili na strani z rezultati. Ko najdete izdelek, ki vas zanima, preprosto kliknite na ime izdelka ali sliko izdelka za ve\u010d podrobnosti.<\/p>\n<p><strong>Kako se izra\u010dunajo stro\u0161ki po\u0161iljanja?<\/strong><\/p>\n<p>Stro\u0161ki po\u0161iljanja so izra\u010dunani glede na na\u010din po\u0161iljanja (zrak, morje ali kopno) , te\u017eo in koli\u010dino izdelka. Razli\u010dna ladjarska podjetja imajo razli\u010dne cene, zato je najbolje, da preverite in primerjate, katera je najbolj dostopna in ekonomi\u010dna. Za ve\u010d podrobnosti o izra\u010dunu stro\u0161kov po\u0161iljanja nas kontaktirajte neposredno <a href=\"https:\/\/www.bautica.si\/kontaktirajte-nas\/\">Kontaktirajte nas<\/a>..<\/p>\n<p><strong>Kaj je za\u0161\u010dita kupca?<\/strong><\/p>\n<p>Za\u0161\u010dita kupcev je niz garancij, ki kupcem omogo\u010da zaupno nakupovanje na na\u0161i spletni strani.<\/p>\n<p>Za\u0161\u010diteni ste, ko:<\/p>\n<p>Artikel, ki ste ga naro\u010dili, ni prispel v roku, ki ga je obljubil prodajalec.<\/p>\n<p>Prejeti izdelek ni bil opisan.<\/p>\n<p>Artikel, ki ste ga prejeli, za katerega je bilo zagotovljeno, da je pristen, je bil ponarejen.<\/p>\n","protected":false},"excerpt":{"rendered":"<p>POGOSTO ZASTAVLJENA VPRA\u0160ANJA Kako iskati izdelke? Poi\u0161\u010dite izdelke tako, da v iskalno vrstico na vrhu katere koli strani vnesete ime ali klju\u010dno besedo. Poskusite vnesti splo\u0161ni opis. Ve\u010d klju\u010dnih besed, ki jih uporabljate, manj izdelkov boste dobili na strani z rezultati. Ko najdete izdelek, ki vas zanima, preprosto kliknite na ime izdelka ali sliko izdelka [&hellip;]<\/p>\n","protected":false},"author":1,"featured_media":0,"parent":0,"menu_order":8,"comment_status":"closed","ping_status":"closed","template":"page-templates\/page-narrow.php","meta":{"footnotes":""},"class_list":["post-81","page","type-page","status-publish","hentry"],"yoast_head":"<!-- This site is optimized with the Yoast SEO plugin v27.4 - https:\/\/yoast.com\/product\/yoast-seo-wordpress\/ -->\n<title>BauticaBAUTICA Pogosto zastavljena vpra\u0161anja<\/title>\n<meta name=\"description\" content=\"Bautica Vse za vas Spletna trgovina BauticaBAUTICA Pogosto zastavljena vpra\u0161anja\" \/>\n<meta name=\"robots\" content=\"index, follow, max-snippet:-1, max-image-preview:large, max-video-preview:-1\" \/>\n<link rel=\"canonical\" href=\"https:\/\/www.bautica.si\/blog\/frequently-asked-questions\/\" \/>\n<meta property=\"og:locale\" content=\"sl_SI\" \/>\n<meta property=\"og:type\" content=\"article\" \/>\n<meta property=\"og:title\" content=\"BauticaBAUTICA Pogosto zastavljena vpra\u0161anja\" \/>\n<meta property=\"og:description\" content=\"Bautica Vse za vas Spletna trgovina BauticaBAUTICA Pogosto zastavljena vpra\u0161anja\" \/>\n<meta property=\"og:url\" content=\"https:\/\/www.bautica.si\/blog\/frequently-asked-questions\/\" \/>\n<meta property=\"og:site_name\" content=\"BAUTICA\" \/>\n<meta property=\"article:publisher\" content=\"https:\/\/facebook.com\" \/>\n<meta property=\"article:modified_time\" content=\"2019-11-28T19:50:26+00:00\" \/>\n<meta name=\"twitter:card\" content=\"summary_large_image\" \/>\n<meta name=\"twitter:label1\" content=\"Est. reading time\" \/>\n\t<meta name=\"twitter:data1\" content=\"1 minuta\" \/>\n<script type=\"application\/ld+json\" class=\"yoast-schema-graph\">{\"@context\":\"https:\\\/\\\/schema.org\",\"@graph\":[{\"@type\":\"WebPage\",\"@id\":\"https:\\\/\\\/www.bautica.si\\\/blog\\\/frequently-asked-questions\\\/\",\"url\":\"https:\\\/\\\/www.bautica.si\\\/blog\\\/frequently-asked-questions\\\/\",\"name\":\"BauticaBAUTICA Pogosto zastavljena vpra\u0161anja\",\"isPartOf\":{\"@id\":\"https:\\\/\\\/www.bautica.si\\\/blog\\\/#website\"},\"datePublished\":\"2019-11-28T12:17:20+00:00\",\"dateModified\":\"2019-11-28T19:50:26+00:00\",\"description\":\"Bautica Vse za vas Spletna trgovina BauticaBAUTICA Pogosto zastavljena vpra\u0161anja\",\"breadcrumb\":{\"@id\":\"https:\\\/\\\/www.bautica.si\\\/blog\\\/frequently-asked-questions\\\/#breadcrumb\"},\"inLanguage\":\"sl-SI\",\"potentialAction\":[{\"@type\":\"ReadAction\",\"target\":[\"https:\\\/\\\/www.bautica.si\\\/blog\\\/frequently-asked-questions\\\/\"]}]},{\"@type\":\"BreadcrumbList\",\"@id\":\"https:\\\/\\\/www.bautica.si\\\/blog\\\/frequently-asked-questions\\\/#breadcrumb\",\"itemListElement\":[{\"@type\":\"ListItem\",\"position\":1,\"name\":\"Home\",\"item\":\"https:\\\/\\\/www.bautica.si\\\/blog\\\/\"},{\"@type\":\"ListItem\",\"position\":2,\"name\":\"Pogosto zastavljena vpra\u0161anja\"}]},{\"@type\":\"WebSite\",\"@id\":\"https:\\\/\\\/www.bautica.si\\\/blog\\\/#website\",\"url\":\"https:\\\/\\\/www.bautica.si\\\/blog\\\/\",\"name\":\"BAUTICA\",\"description\":\"Vse za vas\",\"publisher\":{\"@id\":\"https:\\\/\\\/www.bautica.si\\\/blog\\\/#organization\"},\"potentialAction\":[{\"@type\":\"SearchAction\",\"target\":{\"@type\":\"EntryPoint\",\"urlTemplate\":\"https:\\\/\\\/www.bautica.si\\\/blog\\\/?s={search_term_string}\"},\"query-input\":{\"@type\":\"PropertyValueSpecification\",\"valueRequired\":true,\"valueName\":\"search_term_string\"}}],\"inLanguage\":\"sl-SI\"},{\"@type\":\"Organization\",\"@id\":\"https:\\\/\\\/www.bautica.si\\\/blog\\\/#organization\",\"name\":\"Zajcnet\",\"url\":\"https:\\\/\\\/www.bautica.si\\\/blog\\\/\",\"logo\":{\"@type\":\"ImageObject\",\"inLanguage\":\"sl-SI\",\"@id\":\"https:\\\/\\\/www.bautica.si\\\/blog\\\/#\\\/schema\\\/logo\\\/image\\\/\",\"url\":\"https:\\\/\\\/www.bautica.si\\\/wp-content\\\/uploads\\\/2019\\\/12\\\/bautica-logo-190x60.jpg\",\"contentUrl\":\"https:\\\/\\\/www.bautica.si\\\/wp-content\\\/uploads\\\/2019\\\/12\\\/bautica-logo-190x60.jpg\",\"width\":190,\"height\":60,\"caption\":\"Zajcnet\"},\"image\":{\"@id\":\"https:\\\/\\\/www.bautica.si\\\/blog\\\/#\\\/schema\\\/logo\\\/image\\\/\"},\"sameAs\":[\"https:\\\/\\\/facebook.com\"]}]}<\/script>\n<!-- \/ Yoast SEO plugin. -->","yoast_head_json":{"title":"BauticaBAUTICA Pogosto zastavljena vpra\u0161anja","description":"Bautica Vse za vas Spletna trgovina BauticaBAUTICA Pogosto zastavljena vpra\u0161anja","robots":{"index":"index","follow":"follow","max-snippet":"max-snippet:-1","max-image-preview":"max-image-preview:large","max-video-preview":"max-video-preview:-1"},"canonical":"https:\/\/www.bautica.si\/blog\/frequently-asked-questions\/","og_locale":"sl_SI","og_type":"article","og_title":"BauticaBAUTICA Pogosto zastavljena vpra\u0161anja","og_description":"Bautica Vse za vas Spletna trgovina BauticaBAUTICA Pogosto zastavljena vpra\u0161anja","og_url":"https:\/\/www.bautica.si\/blog\/frequently-asked-questions\/","og_site_name":"BAUTICA","article_publisher":"https:\/\/facebook.com","article_modified_time":"2019-11-28T19:50:26+00:00","twitter_card":"summary_large_image","twitter_misc":{"Est. reading time":"1 minuta"},"schema":{"@context":"https:\/\/schema.org","@graph":[{"@type":"WebPage","@id":"https:\/\/www.bautica.si\/blog\/frequently-asked-questions\/","url":"https:\/\/www.bautica.si\/blog\/frequently-asked-questions\/","name":"BauticaBAUTICA Pogosto zastavljena vpra\u0161anja","isPartOf":{"@id":"https:\/\/www.bautica.si\/blog\/#website"},"datePublished":"2019-11-28T12:17:20+00:00","dateModified":"2019-11-28T19:50:26+00:00","description":"Bautica Vse za vas Spletna trgovina BauticaBAUTICA Pogosto zastavljena vpra\u0161anja","breadcrumb":{"@id":"https:\/\/www.bautica.si\/blog\/frequently-asked-questions\/#breadcrumb"},"inLanguage":"sl-SI","potentialAction":[{"@type":"ReadAction","target":["https:\/\/www.bautica.si\/blog\/frequently-asked-questions\/"]}]},{"@type":"BreadcrumbList","@id":"https:\/\/www.bautica.si\/blog\/frequently-asked-questions\/#breadcrumb","itemListElement":[{"@type":"ListItem","position":1,"name":"Home","item":"https:\/\/www.bautica.si\/blog\/"},{"@type":"ListItem","position":2,"name":"Pogosto zastavljena vpra\u0161anja"}]},{"@type":"WebSite","@id":"https:\/\/www.bautica.si\/blog\/#website","url":"https:\/\/www.bautica.si\/blog\/","name":"BAUTICA","description":"Vse za vas","publisher":{"@id":"https:\/\/www.bautica.si\/blog\/#organization"},"potentialAction":[{"@type":"SearchAction","target":{"@type":"EntryPoint","urlTemplate":"https:\/\/www.bautica.si\/blog\/?s={search_term_string}"},"query-input":{"@type":"PropertyValueSpecification","valueRequired":true,"valueName":"search_term_string"}}],"inLanguage":"sl-SI"},{"@type":"Organization","@id":"https:\/\/www.bautica.si\/blog\/#organization","name":"Zajcnet","url":"https:\/\/www.bautica.si\/blog\/","logo":{"@type":"ImageObject","inLanguage":"sl-SI","@id":"https:\/\/www.bautica.si\/blog\/#\/schema\/logo\/image\/","url":"https:\/\/www.bautica.si\/wp-content\/uploads\/2019\/12\/bautica-logo-190x60.jpg","contentUrl":"https:\/\/www.bautica.si\/wp-content\/uploads\/2019\/12\/bautica-logo-190x60.jpg","width":190,"height":60,"caption":"Zajcnet"},"image":{"@id":"https:\/\/www.bautica.si\/blog\/#\/schema\/logo\/image\/"},"sameAs":["https:\/\/facebook.com"]}]}},"_links":{"self":[{"href":"https:\/\/www.bautica.si\/blog\/wp-json\/wp\/v2\/pages\/81","targetHints":{"allow":["GET"]}}],"collection":[{"href":"https:\/\/www.bautica.si\/blog\/wp-json\/wp\/v2\/pages"}],"about":[{"href":"https:\/\/www.bautica.si\/blog\/wp-json\/wp\/v2\/types\/page"}],"author":[{"embeddable":true,"href":"https:\/\/www.bautica.si\/blog\/wp-json\/wp\/v2\/users\/1"}],"replies":[{"embeddable":true,"href":"https:\/\/www.bautica.si\/blog\/wp-json\/wp\/v2\/comments?post=81"}],"version-history":[{"count":3,"href":"https:\/\/www.bautica.si\/blog\/wp-json\/wp\/v2\/pages\/81\/revisions"}],"predecessor-version":[{"id":183,"href":"https:\/\/www.bautica.si\/blog\/wp-json\/wp\/v2\/pages\/81\/revisions\/183"}],"wp:attachment":[{"href":"https:\/\/www.bautica.si\/blog\/wp-json\/wp\/v2\/media?parent=81"}],"curies":[{"name":"wp","href":"https:\/\/api.w.org\/{rel}","templated":true}]}}