{"id":83,"date":"2019-11-28T13:17:20","date_gmt":"2019-11-28T12:17:20","guid":{"rendered":"https:\/\/www.bautica.si\/?page_id=200"},"modified":"2020-01-09T09:30:32","modified_gmt":"2020-01-09T08:30:32","slug":"placilne-metode","status":"publish","type":"page","link":"https:\/\/www.bautica.si\/blog\/placilne-metode\/","title":{"rendered":"Pla\u010dilne metode"},"content":{"rendered":"<p>Na\u010dini pla\u010dila poleg pla\u010dila po povzetju, prek ban\u010dnega nakazila vklju\u010dujejo tudi PayPal in kreditne kartice v okviru PayPala. Stro\u0161ki pla\u010dila prek Paypal-a in stro\u0161ki pla\u010dil s kreditnimi karticami v okviro Paypal-a se obra\u010dunajo v skladu z veljavno politiko in cenikom Paypal-a.<\/p>\n<p>PayPal je varnej\u0161i in enostavnej\u0161i na\u010din po\u0161iljanja in prejemanja denarja preko spleta. Ko kot na\u010din pla\u010dila izberete PayPal, boste povezani s spletnim mestom PayPal, kjer lahko izvedete pla\u010dilo.<\/p>\n<p>PayPal lahko uporabljate za nakup izdelkov s kreditno kartico (Visa, MasterCard,) in debetno kartico.<\/p>\n<p>Ko si ogledate svoje izdelke na strani nakupovalne ko\u0161arice, lahko izberete gumb\u00a0 PayPal. Nato zapustite na\u0161e spletno mesto in vstopite na spletno mesto PayPala.<br \/>\nLahko se prijavite v svoj ra\u010dun PayPal ali ustvarite novega, \u010de ga \u0161e nimate.<br \/>\nPayPal lahko uporabljate po \u017eelji v skladu z navodili na zaslonu.<br \/>\nRazlogi, zakaj predlagamo, da uporabite PayPal:<\/p>\n<p>Pla\u010dilo je sledljivo. Z uporabo ra\u010duna PayPal lahko sledite statusu svojega pla\u010dila.<br \/>\nKo pla\u010date za naro\u010dilo, vam ni treba uporabljati kreditne kartice v spletu (lahko naka\u017eete neposredno z va\u0161ega ban\u010dnega ra\u010duna).<br \/>\nKo uporabljate svojo kreditno kartico prek PayPala, nih\u010de ne bo videl \u0161tevilke va\u0161e kreditne kartice, kar bo zmanj\u0161alo tveganje za nepoobla\u0161\u010deno uporabo.<\/p>\n","protected":false},"excerpt":{"rendered":"<p>Na\u010dini pla\u010dila poleg pla\u010dila po povzetju, prek ban\u010dnega nakazila vklju\u010dujejo tudi PayPal in kreditne kartice v okviru PayPala. Stro\u0161ki pla\u010dila prek Paypal-a in stro\u0161ki pla\u010dil s kreditnimi karticami v okviro Paypal-a se obra\u010dunajo v skladu z veljavno politiko in cenikom Paypal-a. PayPal je varnej\u0161i in enostavnej\u0161i na\u010din po\u0161iljanja in prejemanja denarja preko spleta. Ko kot [&hellip;]<\/p>\n","protected":false},"author":1,"featured_media":0,"parent":0,"menu_order":10,"comment_status":"closed","ping_status":"closed","template":"page-templates\/page-semi-narrow.php","meta":{"footnotes":""},"class_list":["post-83","page","type-page","status-publish","hentry"],"yoast_head":"<!-- This site is optimized with the Yoast SEO plugin v27.4 - https:\/\/yoast.com\/product\/yoast-seo-wordpress\/ -->\n<title>BauticaBAUTICA Pla\u010dilne metode<\/title>\n<meta name=\"description\" content=\"Bautica Vse za vas Spletna trgovina BauticaBAUTICA Pla\u010dilne metode\" \/>\n<meta name=\"robots\" content=\"index, follow, max-snippet:-1, max-image-preview:large, max-video-preview:-1\" \/>\n<link rel=\"canonical\" href=\"https:\/\/www.bautica.si\/blog\/placilne-metode\/\" \/>\n<meta property=\"og:locale\" content=\"sl_SI\" \/>\n<meta property=\"og:type\" content=\"article\" \/>\n<meta property=\"og:title\" content=\"BauticaBAUTICA Pla\u010dilne metode\" \/>\n<meta property=\"og:description\" content=\"Bautica Vse za vas Spletna trgovina BauticaBAUTICA Pla\u010dilne metode\" \/>\n<meta property=\"og:url\" content=\"https:\/\/www.bautica.si\/blog\/placilne-metode\/\" \/>\n<meta property=\"og:site_name\" content=\"BAUTICA\" \/>\n<meta property=\"article:publisher\" content=\"https:\/\/facebook.com\" \/>\n<meta property=\"article:modified_time\" content=\"2020-01-09T08:30:32+00:00\" \/>\n<meta name=\"twitter:card\" content=\"summary_large_image\" \/>\n<meta name=\"twitter:label1\" content=\"Est. reading time\" \/>\n\t<meta name=\"twitter:data1\" content=\"1 minuta\" \/>\n<script type=\"application\/ld+json\" class=\"yoast-schema-graph\">{\"@context\":\"https:\\\/\\\/schema.org\",\"@graph\":[{\"@type\":\"WebPage\",\"@id\":\"https:\\\/\\\/www.bautica.si\\\/blog\\\/placilne-metode\\\/\",\"url\":\"https:\\\/\\\/www.bautica.si\\\/blog\\\/placilne-metode\\\/\",\"name\":\"BauticaBAUTICA Pla\u010dilne metode\",\"isPartOf\":{\"@id\":\"https:\\\/\\\/www.bautica.si\\\/blog\\\/#website\"},\"datePublished\":\"2019-11-28T12:17:20+00:00\",\"dateModified\":\"2020-01-09T08:30:32+00:00\",\"description\":\"Bautica Vse za vas Spletna trgovina BauticaBAUTICA Pla\u010dilne metode\",\"breadcrumb\":{\"@id\":\"https:\\\/\\\/www.bautica.si\\\/blog\\\/placilne-metode\\\/#breadcrumb\"},\"inLanguage\":\"sl-SI\",\"potentialAction\":[{\"@type\":\"ReadAction\",\"target\":[\"https:\\\/\\\/www.bautica.si\\\/blog\\\/placilne-metode\\\/\"]}]},{\"@type\":\"BreadcrumbList\",\"@id\":\"https:\\\/\\\/www.bautica.si\\\/blog\\\/placilne-metode\\\/#breadcrumb\",\"itemListElement\":[{\"@type\":\"ListItem\",\"position\":1,\"name\":\"Home\",\"item\":\"https:\\\/\\\/www.bautica.si\\\/blog\\\/\"},{\"@type\":\"ListItem\",\"position\":2,\"name\":\"Pla\u010dilne metode\"}]},{\"@type\":\"WebSite\",\"@id\":\"https:\\\/\\\/www.bautica.si\\\/blog\\\/#website\",\"url\":\"https:\\\/\\\/www.bautica.si\\\/blog\\\/\",\"name\":\"BAUTICA\",\"description\":\"Vse za vas\",\"publisher\":{\"@id\":\"https:\\\/\\\/www.bautica.si\\\/blog\\\/#organization\"},\"potentialAction\":[{\"@type\":\"SearchAction\",\"target\":{\"@type\":\"EntryPoint\",\"urlTemplate\":\"https:\\\/\\\/www.bautica.si\\\/blog\\\/?s={search_term_string}\"},\"query-input\":{\"@type\":\"PropertyValueSpecification\",\"valueRequired\":true,\"valueName\":\"search_term_string\"}}],\"inLanguage\":\"sl-SI\"},{\"@type\":\"Organization\",\"@id\":\"https:\\\/\\\/www.bautica.si\\\/blog\\\/#organization\",\"name\":\"Zajcnet\",\"url\":\"https:\\\/\\\/www.bautica.si\\\/blog\\\/\",\"logo\":{\"@type\":\"ImageObject\",\"inLanguage\":\"sl-SI\",\"@id\":\"https:\\\/\\\/www.bautica.si\\\/blog\\\/#\\\/schema\\\/logo\\\/image\\\/\",\"url\":\"https:\\\/\\\/www.bautica.si\\\/wp-content\\\/uploads\\\/2019\\\/12\\\/bautica-logo-190x60.jpg\",\"contentUrl\":\"https:\\\/\\\/www.bautica.si\\\/wp-content\\\/uploads\\\/2019\\\/12\\\/bautica-logo-190x60.jpg\",\"width\":190,\"height\":60,\"caption\":\"Zajcnet\"},\"image\":{\"@id\":\"https:\\\/\\\/www.bautica.si\\\/blog\\\/#\\\/schema\\\/logo\\\/image\\\/\"},\"sameAs\":[\"https:\\\/\\\/facebook.com\"]}]}<\/script>\n<!-- \/ Yoast SEO plugin. -->","yoast_head_json":{"title":"BauticaBAUTICA Pla\u010dilne metode","description":"Bautica Vse za vas Spletna trgovina BauticaBAUTICA Pla\u010dilne metode","robots":{"index":"index","follow":"follow","max-snippet":"max-snippet:-1","max-image-preview":"max-image-preview:large","max-video-preview":"max-video-preview:-1"},"canonical":"https:\/\/www.bautica.si\/blog\/placilne-metode\/","og_locale":"sl_SI","og_type":"article","og_title":"BauticaBAUTICA Pla\u010dilne metode","og_description":"Bautica Vse za vas Spletna trgovina BauticaBAUTICA Pla\u010dilne metode","og_url":"https:\/\/www.bautica.si\/blog\/placilne-metode\/","og_site_name":"BAUTICA","article_publisher":"https:\/\/facebook.com","article_modified_time":"2020-01-09T08:30:32+00:00","twitter_card":"summary_large_image","twitter_misc":{"Est. reading time":"1 minuta"},"schema":{"@context":"https:\/\/schema.org","@graph":[{"@type":"WebPage","@id":"https:\/\/www.bautica.si\/blog\/placilne-metode\/","url":"https:\/\/www.bautica.si\/blog\/placilne-metode\/","name":"BauticaBAUTICA Pla\u010dilne metode","isPartOf":{"@id":"https:\/\/www.bautica.si\/blog\/#website"},"datePublished":"2019-11-28T12:17:20+00:00","dateModified":"2020-01-09T08:30:32+00:00","description":"Bautica Vse za vas Spletna trgovina BauticaBAUTICA Pla\u010dilne metode","breadcrumb":{"@id":"https:\/\/www.bautica.si\/blog\/placilne-metode\/#breadcrumb"},"inLanguage":"sl-SI","potentialAction":[{"@type":"ReadAction","target":["https:\/\/www.bautica.si\/blog\/placilne-metode\/"]}]},{"@type":"BreadcrumbList","@id":"https:\/\/www.bautica.si\/blog\/placilne-metode\/#breadcrumb","itemListElement":[{"@type":"ListItem","position":1,"name":"Home","item":"https:\/\/www.bautica.si\/blog\/"},{"@type":"ListItem","position":2,"name":"Pla\u010dilne metode"}]},{"@type":"WebSite","@id":"https:\/\/www.bautica.si\/blog\/#website","url":"https:\/\/www.bautica.si\/blog\/","name":"BAUTICA","description":"Vse za vas","publisher":{"@id":"https:\/\/www.bautica.si\/blog\/#organization"},"potentialAction":[{"@type":"SearchAction","target":{"@type":"EntryPoint","urlTemplate":"https:\/\/www.bautica.si\/blog\/?s={search_term_string}"},"query-input":{"@type":"PropertyValueSpecification","valueRequired":true,"valueName":"search_term_string"}}],"inLanguage":"sl-SI"},{"@type":"Organization","@id":"https:\/\/www.bautica.si\/blog\/#organization","name":"Zajcnet","url":"https:\/\/www.bautica.si\/blog\/","logo":{"@type":"ImageObject","inLanguage":"sl-SI","@id":"https:\/\/www.bautica.si\/blog\/#\/schema\/logo\/image\/","url":"https:\/\/www.bautica.si\/wp-content\/uploads\/2019\/12\/bautica-logo-190x60.jpg","contentUrl":"https:\/\/www.bautica.si\/wp-content\/uploads\/2019\/12\/bautica-logo-190x60.jpg","width":190,"height":60,"caption":"Zajcnet"},"image":{"@id":"https:\/\/www.bautica.si\/blog\/#\/schema\/logo\/image\/"},"sameAs":["https:\/\/facebook.com"]}]}},"_links":{"self":[{"href":"https:\/\/www.bautica.si\/blog\/wp-json\/wp\/v2\/pages\/83","targetHints":{"allow":["GET"]}}],"collection":[{"href":"https:\/\/www.bautica.si\/blog\/wp-json\/wp\/v2\/pages"}],"about":[{"href":"https:\/\/www.bautica.si\/blog\/wp-json\/wp\/v2\/types\/page"}],"author":[{"embeddable":true,"href":"https:\/\/www.bautica.si\/blog\/wp-json\/wp\/v2\/users\/1"}],"replies":[{"embeddable":true,"href":"https:\/\/www.bautica.si\/blog\/wp-json\/wp\/v2\/comments?post=83"}],"version-history":[{"count":3,"href":"https:\/\/www.bautica.si\/blog\/wp-json\/wp\/v2\/pages\/83\/revisions"}],"predecessor-version":[{"id":2146,"href":"https:\/\/www.bautica.si\/blog\/wp-json\/wp\/v2\/pages\/83\/revisions\/2146"}],"wp:attachment":[{"href":"https:\/\/www.bautica.si\/blog\/wp-json\/wp\/v2\/media?parent=83"}],"curies":[{"name":"wp","href":"https:\/\/api.w.org\/{rel}","templated":true}]}}