{"id":84,"date":"2019-11-28T13:17:20","date_gmt":"2019-11-28T12:17:20","guid":{"rendered":"https:\/\/www.bautica.si\/?page_id=220"},"modified":"2019-11-28T20:40:58","modified_gmt":"2019-11-28T19:40:58","slug":"returns-policy","status":"publish","type":"page","link":"https:\/\/www.bautica.si\/blog\/returns-policy\/","title":{"rendered":"Povra\u010dila &#038; Pravilnik o vra\u010dilu"},"content":{"rendered":"<p>REKLAMACIJE IN PRAVILNIK O VRA\u010cILU<\/p>\n<p>Preklic naro\u010dila<\/p>\n<p>Vsa naro\u010dila lahko prekli\u010dete, dokler niso odposlana. \u010ce je va\u0161e naro\u010dilo pla\u010dano in ga morate spremeniti ali preklicati, nas morate kontaktirati v roku 12 ur. Ko se postopek pakiranja in po\u0161iljanja za\u010dne, ga ni ve\u010d mogo\u010de preklicati.<\/p>\n<p>Nadomestila<\/p>\n<p>Va\u0161e zadovoljstvo je na\u0161a prva prioriteta. Zato lahko za naro\u010dene izdelke zahtevate vra\u010dilo ali ponovno po\u0161iljanje, \u010de:<\/p>\n<p>jih ne boste prejeli v zajam\u010denem roku (60 dni brez upo\u0161tevanja 2-5-dnevne obdelave)<\/p>\n<p>prejmete napa\u010den izdelek<\/p>\n<p>ne \u017eelite izdelek, ki ste ga prejeli (vendar morate vrniti izdelek na svoje stro\u0161ke in mora biti izdelek neuporabljen)<\/p>\n<p>Vra\u010dila ne izdamo, \u010de:<\/p>\n<p>va\u0161e naro\u010dilo ne prispe zaradi dejavnikov, ki so pod va\u0161im nadzorom (npr. navedete napa\u010den naslov za po\u0161iljanje)<\/p>\n<p>va\u0161e naro\u010dilo ne prispe zaradi izjemnih okoli\u0161\u010din, ki niso pod na\u0161im nadzorom (npr. carine niso odobrene, zamude zaradi naravne katastrofe).<\/p>\n<p>* Zahtevke za vra\u010dilo lahko vlo\u017eite v 15 dneh po poteku garantiranega roka za dostavo (60 dni). To lahko storite tako, da po\u0161ljete sporo\u010dilo na stran <a href=\"https:\/\/www.bautica.si\/kontaktirajte-nas\/\">Kontaktirajte nas<\/a>.<\/p>\n<p>&nbsp;<\/p>\n","protected":false},"excerpt":{"rendered":"<p>REKLAMACIJE IN PRAVILNIK O VRA\u010cILU Preklic naro\u010dila Vsa naro\u010dila lahko prekli\u010dete, dokler niso odposlana. \u010ce je va\u0161e naro\u010dilo pla\u010dano in ga morate spremeniti ali preklicati, nas morate kontaktirati v roku 12 ur. Ko se postopek pakiranja in po\u0161iljanja za\u010dne, ga ni ve\u010d mogo\u010de preklicati. Nadomestila Va\u0161e zadovoljstvo je na\u0161a prva prioriteta. Zato lahko za naro\u010dene [&hellip;]<\/p>\n","protected":false},"author":1,"featured_media":0,"parent":0,"menu_order":12,"comment_status":"closed","ping_status":"closed","template":"page-templates\/page-semi-narrow.php","meta":{"footnotes":""},"class_list":["post-84","page","type-page","status-publish","hentry"],"yoast_head":"<!-- This site is optimized with the Yoast SEO plugin v27.4 - https:\/\/yoast.com\/product\/yoast-seo-wordpress\/ -->\n<title>BauticaBAUTICA Povra\u010dila &amp; Pravilnik o vra\u010dilu<\/title>\n<meta name=\"description\" content=\"Bautica Vse za vas Spletna trgovina BauticaBAUTICA Povra\u010dila &amp; Pravilnik o vra\u010dilu\" \/>\n<meta name=\"robots\" content=\"index, follow, max-snippet:-1, max-image-preview:large, max-video-preview:-1\" \/>\n<link rel=\"canonical\" href=\"https:\/\/www.bautica.si\/blog\/returns-policy\/\" \/>\n<meta property=\"og:locale\" content=\"sl_SI\" \/>\n<meta property=\"og:type\" content=\"article\" \/>\n<meta property=\"og:title\" content=\"BauticaBAUTICA Povra\u010dila &amp; Pravilnik o vra\u010dilu\" \/>\n<meta property=\"og:description\" content=\"Bautica Vse za vas Spletna trgovina BauticaBAUTICA Povra\u010dila &amp; Pravilnik o vra\u010dilu\" \/>\n<meta property=\"og:url\" content=\"https:\/\/www.bautica.si\/blog\/returns-policy\/\" \/>\n<meta property=\"og:site_name\" content=\"BAUTICA\" \/>\n<meta property=\"article:publisher\" content=\"https:\/\/facebook.com\" \/>\n<meta property=\"article:modified_time\" content=\"2019-11-28T19:40:58+00:00\" \/>\n<meta name=\"twitter:card\" content=\"summary_large_image\" \/>\n<meta name=\"twitter:label1\" content=\"Est. reading time\" \/>\n\t<meta name=\"twitter:data1\" content=\"1 minuta\" \/>\n<script type=\"application\/ld+json\" class=\"yoast-schema-graph\">{\"@context\":\"https:\\\/\\\/schema.org\",\"@graph\":[{\"@type\":\"WebPage\",\"@id\":\"https:\\\/\\\/www.bautica.si\\\/blog\\\/returns-policy\\\/\",\"url\":\"https:\\\/\\\/www.bautica.si\\\/blog\\\/returns-policy\\\/\",\"name\":\"BauticaBAUTICA Povra\u010dila & Pravilnik o vra\u010dilu\",\"isPartOf\":{\"@id\":\"https:\\\/\\\/www.bautica.si\\\/blog\\\/#website\"},\"datePublished\":\"2019-11-28T12:17:20+00:00\",\"dateModified\":\"2019-11-28T19:40:58+00:00\",\"description\":\"Bautica Vse za vas Spletna trgovina BauticaBAUTICA Povra\u010dila & Pravilnik o vra\u010dilu\",\"breadcrumb\":{\"@id\":\"https:\\\/\\\/www.bautica.si\\\/blog\\\/returns-policy\\\/#breadcrumb\"},\"inLanguage\":\"sl-SI\",\"potentialAction\":[{\"@type\":\"ReadAction\",\"target\":[\"https:\\\/\\\/www.bautica.si\\\/blog\\\/returns-policy\\\/\"]}]},{\"@type\":\"BreadcrumbList\",\"@id\":\"https:\\\/\\\/www.bautica.si\\\/blog\\\/returns-policy\\\/#breadcrumb\",\"itemListElement\":[{\"@type\":\"ListItem\",\"position\":1,\"name\":\"Home\",\"item\":\"https:\\\/\\\/www.bautica.si\\\/blog\\\/\"},{\"@type\":\"ListItem\",\"position\":2,\"name\":\"Povra\u010dila &#038; Pravilnik o vra\u010dilu\"}]},{\"@type\":\"WebSite\",\"@id\":\"https:\\\/\\\/www.bautica.si\\\/blog\\\/#website\",\"url\":\"https:\\\/\\\/www.bautica.si\\\/blog\\\/\",\"name\":\"BAUTICA\",\"description\":\"Vse za vas\",\"publisher\":{\"@id\":\"https:\\\/\\\/www.bautica.si\\\/blog\\\/#organization\"},\"potentialAction\":[{\"@type\":\"SearchAction\",\"target\":{\"@type\":\"EntryPoint\",\"urlTemplate\":\"https:\\\/\\\/www.bautica.si\\\/blog\\\/?s={search_term_string}\"},\"query-input\":{\"@type\":\"PropertyValueSpecification\",\"valueRequired\":true,\"valueName\":\"search_term_string\"}}],\"inLanguage\":\"sl-SI\"},{\"@type\":\"Organization\",\"@id\":\"https:\\\/\\\/www.bautica.si\\\/blog\\\/#organization\",\"name\":\"Zajcnet\",\"url\":\"https:\\\/\\\/www.bautica.si\\\/blog\\\/\",\"logo\":{\"@type\":\"ImageObject\",\"inLanguage\":\"sl-SI\",\"@id\":\"https:\\\/\\\/www.bautica.si\\\/blog\\\/#\\\/schema\\\/logo\\\/image\\\/\",\"url\":\"https:\\\/\\\/www.bautica.si\\\/wp-content\\\/uploads\\\/2019\\\/12\\\/bautica-logo-190x60.jpg\",\"contentUrl\":\"https:\\\/\\\/www.bautica.si\\\/wp-content\\\/uploads\\\/2019\\\/12\\\/bautica-logo-190x60.jpg\",\"width\":190,\"height\":60,\"caption\":\"Zajcnet\"},\"image\":{\"@id\":\"https:\\\/\\\/www.bautica.si\\\/blog\\\/#\\\/schema\\\/logo\\\/image\\\/\"},\"sameAs\":[\"https:\\\/\\\/facebook.com\"]}]}<\/script>\n<!-- \/ Yoast SEO plugin. -->","yoast_head_json":{"title":"BauticaBAUTICA Povra\u010dila & Pravilnik o vra\u010dilu","description":"Bautica Vse za vas Spletna trgovina BauticaBAUTICA Povra\u010dila & Pravilnik o vra\u010dilu","robots":{"index":"index","follow":"follow","max-snippet":"max-snippet:-1","max-image-preview":"max-image-preview:large","max-video-preview":"max-video-preview:-1"},"canonical":"https:\/\/www.bautica.si\/blog\/returns-policy\/","og_locale":"sl_SI","og_type":"article","og_title":"BauticaBAUTICA Povra\u010dila & Pravilnik o vra\u010dilu","og_description":"Bautica Vse za vas Spletna trgovina BauticaBAUTICA Povra\u010dila & Pravilnik o vra\u010dilu","og_url":"https:\/\/www.bautica.si\/blog\/returns-policy\/","og_site_name":"BAUTICA","article_publisher":"https:\/\/facebook.com","article_modified_time":"2019-11-28T19:40:58+00:00","twitter_card":"summary_large_image","twitter_misc":{"Est. reading time":"1 minuta"},"schema":{"@context":"https:\/\/schema.org","@graph":[{"@type":"WebPage","@id":"https:\/\/www.bautica.si\/blog\/returns-policy\/","url":"https:\/\/www.bautica.si\/blog\/returns-policy\/","name":"BauticaBAUTICA Povra\u010dila & Pravilnik o vra\u010dilu","isPartOf":{"@id":"https:\/\/www.bautica.si\/blog\/#website"},"datePublished":"2019-11-28T12:17:20+00:00","dateModified":"2019-11-28T19:40:58+00:00","description":"Bautica Vse za vas Spletna trgovina BauticaBAUTICA Povra\u010dila & Pravilnik o vra\u010dilu","breadcrumb":{"@id":"https:\/\/www.bautica.si\/blog\/returns-policy\/#breadcrumb"},"inLanguage":"sl-SI","potentialAction":[{"@type":"ReadAction","target":["https:\/\/www.bautica.si\/blog\/returns-policy\/"]}]},{"@type":"BreadcrumbList","@id":"https:\/\/www.bautica.si\/blog\/returns-policy\/#breadcrumb","itemListElement":[{"@type":"ListItem","position":1,"name":"Home","item":"https:\/\/www.bautica.si\/blog\/"},{"@type":"ListItem","position":2,"name":"Povra\u010dila &#038; Pravilnik o vra\u010dilu"}]},{"@type":"WebSite","@id":"https:\/\/www.bautica.si\/blog\/#website","url":"https:\/\/www.bautica.si\/blog\/","name":"BAUTICA","description":"Vse za vas","publisher":{"@id":"https:\/\/www.bautica.si\/blog\/#organization"},"potentialAction":[{"@type":"SearchAction","target":{"@type":"EntryPoint","urlTemplate":"https:\/\/www.bautica.si\/blog\/?s={search_term_string}"},"query-input":{"@type":"PropertyValueSpecification","valueRequired":true,"valueName":"search_term_string"}}],"inLanguage":"sl-SI"},{"@type":"Organization","@id":"https:\/\/www.bautica.si\/blog\/#organization","name":"Zajcnet","url":"https:\/\/www.bautica.si\/blog\/","logo":{"@type":"ImageObject","inLanguage":"sl-SI","@id":"https:\/\/www.bautica.si\/blog\/#\/schema\/logo\/image\/","url":"https:\/\/www.bautica.si\/wp-content\/uploads\/2019\/12\/bautica-logo-190x60.jpg","contentUrl":"https:\/\/www.bautica.si\/wp-content\/uploads\/2019\/12\/bautica-logo-190x60.jpg","width":190,"height":60,"caption":"Zajcnet"},"image":{"@id":"https:\/\/www.bautica.si\/blog\/#\/schema\/logo\/image\/"},"sameAs":["https:\/\/facebook.com"]}]}},"_links":{"self":[{"href":"https:\/\/www.bautica.si\/blog\/wp-json\/wp\/v2\/pages\/84","targetHints":{"allow":["GET"]}}],"collection":[{"href":"https:\/\/www.bautica.si\/blog\/wp-json\/wp\/v2\/pages"}],"about":[{"href":"https:\/\/www.bautica.si\/blog\/wp-json\/wp\/v2\/types\/page"}],"author":[{"embeddable":true,"href":"https:\/\/www.bautica.si\/blog\/wp-json\/wp\/v2\/users\/1"}],"replies":[{"embeddable":true,"href":"https:\/\/www.bautica.si\/blog\/wp-json\/wp\/v2\/comments?post=84"}],"version-history":[{"count":3,"href":"https:\/\/www.bautica.si\/blog\/wp-json\/wp\/v2\/pages\/84\/revisions"}],"predecessor-version":[{"id":180,"href":"https:\/\/www.bautica.si\/blog\/wp-json\/wp\/v2\/pages\/84\/revisions\/180"}],"wp:attachment":[{"href":"https:\/\/www.bautica.si\/blog\/wp-json\/wp\/v2\/media?parent=84"}],"curies":[{"name":"wp","href":"https:\/\/api.w.org\/{rel}","templated":true}]}}