{"id":8944,"date":"2021-04-06T10:05:17","date_gmt":"2021-04-06T09:05:17","guid":{"rendered":"https:\/\/www.bautica.si\/blog\/?page_id=8944"},"modified":"2021-04-06T10:51:43","modified_gmt":"2021-04-06T09:51:43","slug":"pravilnik-o-piskotkih","status":"publish","type":"page","link":"https:\/\/www.bautica.si\/blog\/pravilnik-o-piskotkih\/","title":{"rendered":"Politika pi\u0161kotkov"},"content":{"rendered":"<div class=\"cli_pg_page_contaner\">\n<h3>Politika pi\u0161kotkov<\/h3>\n<div>Ta politika o pi\u0161kotkih pojasnjuje, kaj so pi\u0161kotki in kako jih uporabljamo. Za nadaljnje informacije o tem, kako uporabljamo, shranjujemo in varujemo va\u0161e osebne podatke, glejte na\u0161o politiko zasebnosti. Svojo privolitev lahko kadar koli spremenite ali umaknete iz izjave o pi\u0161kotkih na na\u0161i spletni strani. V na\u0161em pravilniku o zasebnosti preberite ve\u010d o tem, kdo smo, kako lahko stopite v stik z nami in kako obdelujemo osebne podatke. Va\u0161e soglasje velja za naslednje domene: www.bautica.si<\/div>\n<p><strong>Kaj so pi\u0161kotki?<\/strong><\/p>\n<p>Pi\u0161kotki so majhne besedilne datoteke, ki se uporabljajo za shranjevanje majhnih podatkov. Ko se spletno mesto nalo\u017ei v brskalnik, se shranijo v va\u0161i napravi. Ti pi\u0161kotki nam pomagajo, da spletno mesto deluje pravilno, da je bolj varno, da bolj\u0161o uporabni\u0161ko izku\u0161njo in s tem razumemo, kako deluje spletno mesto, ter analiziramo, kaj deluje in kje je treba kaj izbolj\u0161ati.<\/p>\n<p><strong>Kako uporabljamo pi\u0161kotke<\/strong>?<\/p>\n<p>Kot ve\u010dina spletnih storitev tudi na\u0161a spletna stran za ve\u010d namenov uporablja lastne in tuje pi\u0161kotke. Lastni pi\u0161kotki so ve\u010dinoma potrebni za pravilno delovanje spletnega mesta in ne zbirajo nobenih va\u0161ih osebnih podatkov.<\/p>\n<p>Pi\u0161kotki tretjih oseb, ki se uporabljajo na na\u0161i spletni strani, so v glavnem namenjeni razumevanju, kako deluje spletno mesto, kako komunicirate z na\u0161o spletno stranjo, zagotavljanju varnosti na\u0161ih storitev, zagotavljanju oglasov, ki so za vas pomembni, in vsem skupaj zagotavljanju bolj\u0161ega in izbolj\u0161anega uporabnika izku\u0161nje in vam pomagajo pospe\u0161iti prihodnje interakcije z na\u0161im spletnim mestom.<\/p>\n<p><strong>Katere vrste pi\u0161kotkov uporabljamo<\/strong>?<\/p>\n<p>Bistveno: Nekateri pi\u0161kotki so bistvenega pomena, da lahko izkusite popolno funkcionalnost na\u0161ega spletnega mesta. Omogo\u010dajo nam vzdr\u017eevanje uporabni\u0161kih sej in prepre\u010devanje kakr\u0161nih koli varnostnih gro\u017eenj. Ne zbirajo in ne shranjujejo nobenih osebnih podatkov. Ti pi\u0161kotki vam na primer omogo\u010dajo prijavo v ra\u010dun in dodajanje izdelkov v ko\u0161arico ter varno pla\u010devanje.<\/p>\n<p>Statistika: Ti pi\u0161kotki hranijo podatke, kot so \u0161tevilo obiskovalcev spletnega mesta, \u0161tevilo edinstvenih obiskovalcev, katere strani spletnega mesta so bile obiskane, vir obiska itd. Ti podatki nam pomagajo razumeti in analizirati, kako dobro deluje spletno mesto in kjer ga je treba izbolj\u0161ati.<\/p>\n<p>Tr\u017eenje: Na na\u0161em spletnem mestu so morda prikazani oglasi. Ti pi\u0161kotki se uporabljajo za prilagajanje oglasov, ki vam jih prika\u017eemo, tako da so za vas pomembni. Ti pi\u0161kotki nam pomagajo tudi pri spremljanju u\u010dinkovitosti teh ogla\u0161evalskih akcij.<\/p>\n<p>Informacije, shranjene v teh pi\u0161kotkih, lahko neodvisni ponudniki oglasov uporabijo tudi za prikaz oglasov na drugih spletnih mestih v brskalniku.<\/p>\n<p>Funkcionalno: To so pi\u0161kotki, ki pomagajo nekaterim nebistvenim funkcionalnostim na\u0161ega spletnega mesta. Te funkcionalnosti vklju\u010dujejo vdelavo vsebine, kot so videoposnetki ali skupno rabo vsebine spletnega mesta na platformah dru\u017eabnih medijev.<\/p>\n<p>Nastavitve: Ti pi\u0161kotki nam pomagajo shraniti va\u0161e nastavitve in nastavitve brskanja, kot so jezikovne nastavitve, tako da imate bolj\u0161o in u\u010dinkovitej\u0161o izku\u0161njo ob prihodnjih obiskih spletnega mesta.<\/p>\n<p><strong>Kako lahko nadzorujem nastavitve pi\u0161kotkov?<\/strong><\/p>\n<p>\u010ce se pozneje med brskanjem odlo\u010dite spremeniti svoje nastavitve, lahko na zaslonu kliknete zavihek \u00bbPravilnik o zasebnosti in pi\u0161kotkih\u00ab. Ponovno bo prikazano obvestilo o soglasju, ki vam bo omogo\u010dilo, da spremenite svoje nastavitve ali v celoti umaknete soglasje.<\/p>\n<p>Poleg tega razli\u010dni brskalniki ponujajo razli\u010dne metode za blokiranje in brisanje pi\u0161kotkov, ki jih uporabljajo spletna mesta. Nastavitve brskalnika lahko spremenite tako, da pi\u0161kotke blokirate \/ izbri\u0161ete. \u010ce \u017eelite izvedeti ve\u010d o upravljanju in brisanju pi\u0161kotkov, obi\u0161\u010dite wikipedia.org, www.allaboutcookies.org<\/p>\n<\/div>\n","protected":false},"excerpt":{"rendered":"<p>Politika pi\u0161kotkov Ta politika o pi\u0161kotkih pojasnjuje, kaj so pi\u0161kotki in kako jih uporabljamo. Za nadaljnje informacije o tem, kako uporabljamo, shranjujemo in varujemo va\u0161e osebne podatke, glejte na\u0161o politiko zasebnosti. Svojo privolitev lahko kadar koli spremenite ali umaknete iz izjave o pi\u0161kotkih na na\u0161i spletni strani. V na\u0161em pravilniku o zasebnosti preberite ve\u010d o [&hellip;]<\/p>\n","protected":false},"author":1,"featured_media":0,"parent":0,"menu_order":0,"comment_status":"closed","ping_status":"closed","template":"","meta":{"footnotes":""},"class_list":["post-8944","page","type-page","status-publish","hentry"],"yoast_head":"<!-- This site is optimized with the Yoast SEO plugin v27.4 - https:\/\/yoast.com\/product\/yoast-seo-wordpress\/ -->\n<title>BauticaBAUTICA Politika pi\u0161kotkov<\/title>\n<meta name=\"description\" content=\"Bautica Vse za vas Spletna trgovina BauticaBAUTICA Politika pi\u0161kotkov\" \/>\n<meta name=\"robots\" content=\"index, follow, max-snippet:-1, max-image-preview:large, max-video-preview:-1\" \/>\n<link rel=\"canonical\" href=\"https:\/\/www.bautica.si\/blog\/pravilnik-o-piskotkih\/\" \/>\n<meta property=\"og:locale\" content=\"sl_SI\" \/>\n<meta property=\"og:type\" content=\"article\" \/>\n<meta property=\"og:title\" content=\"BauticaBAUTICA Politika pi\u0161kotkov\" \/>\n<meta property=\"og:description\" content=\"Bautica Vse za vas Spletna trgovina BauticaBAUTICA Politika pi\u0161kotkov\" \/>\n<meta property=\"og:url\" content=\"https:\/\/www.bautica.si\/blog\/pravilnik-o-piskotkih\/\" \/>\n<meta property=\"og:site_name\" content=\"BAUTICA\" \/>\n<meta property=\"article:publisher\" content=\"https:\/\/facebook.com\" \/>\n<meta property=\"article:modified_time\" content=\"2021-04-06T09:51:43+00:00\" \/>\n<meta name=\"twitter:card\" content=\"summary_large_image\" \/>\n<meta name=\"twitter:label1\" content=\"Est. reading time\" \/>\n\t<meta name=\"twitter:data1\" content=\"3 minute\" \/>\n<script type=\"application\/ld+json\" class=\"yoast-schema-graph\">{\"@context\":\"https:\\\/\\\/schema.org\",\"@graph\":[{\"@type\":\"WebPage\",\"@id\":\"https:\\\/\\\/www.bautica.si\\\/blog\\\/pravilnik-o-piskotkih\\\/\",\"url\":\"https:\\\/\\\/www.bautica.si\\\/blog\\\/pravilnik-o-piskotkih\\\/\",\"name\":\"BauticaBAUTICA Politika pi\u0161kotkov\",\"isPartOf\":{\"@id\":\"https:\\\/\\\/www.bautica.si\\\/blog\\\/#website\"},\"datePublished\":\"2021-04-06T09:05:17+00:00\",\"dateModified\":\"2021-04-06T09:51:43+00:00\",\"description\":\"Bautica Vse za vas Spletna trgovina BauticaBAUTICA Politika pi\u0161kotkov\",\"breadcrumb\":{\"@id\":\"https:\\\/\\\/www.bautica.si\\\/blog\\\/pravilnik-o-piskotkih\\\/#breadcrumb\"},\"inLanguage\":\"sl-SI\",\"potentialAction\":[{\"@type\":\"ReadAction\",\"target\":[\"https:\\\/\\\/www.bautica.si\\\/blog\\\/pravilnik-o-piskotkih\\\/\"]}]},{\"@type\":\"BreadcrumbList\",\"@id\":\"https:\\\/\\\/www.bautica.si\\\/blog\\\/pravilnik-o-piskotkih\\\/#breadcrumb\",\"itemListElement\":[{\"@type\":\"ListItem\",\"position\":1,\"name\":\"Home\",\"item\":\"https:\\\/\\\/www.bautica.si\\\/blog\\\/\"},{\"@type\":\"ListItem\",\"position\":2,\"name\":\"Politika pi\u0161kotkov\"}]},{\"@type\":\"WebSite\",\"@id\":\"https:\\\/\\\/www.bautica.si\\\/blog\\\/#website\",\"url\":\"https:\\\/\\\/www.bautica.si\\\/blog\\\/\",\"name\":\"BAUTICA\",\"description\":\"Vse za vas\",\"publisher\":{\"@id\":\"https:\\\/\\\/www.bautica.si\\\/blog\\\/#organization\"},\"potentialAction\":[{\"@type\":\"SearchAction\",\"target\":{\"@type\":\"EntryPoint\",\"urlTemplate\":\"https:\\\/\\\/www.bautica.si\\\/blog\\\/?s={search_term_string}\"},\"query-input\":{\"@type\":\"PropertyValueSpecification\",\"valueRequired\":true,\"valueName\":\"search_term_string\"}}],\"inLanguage\":\"sl-SI\"},{\"@type\":\"Organization\",\"@id\":\"https:\\\/\\\/www.bautica.si\\\/blog\\\/#organization\",\"name\":\"Zajcnet\",\"url\":\"https:\\\/\\\/www.bautica.si\\\/blog\\\/\",\"logo\":{\"@type\":\"ImageObject\",\"inLanguage\":\"sl-SI\",\"@id\":\"https:\\\/\\\/www.bautica.si\\\/blog\\\/#\\\/schema\\\/logo\\\/image\\\/\",\"url\":\"https:\\\/\\\/www.bautica.si\\\/wp-content\\\/uploads\\\/2019\\\/12\\\/bautica-logo-190x60.jpg\",\"contentUrl\":\"https:\\\/\\\/www.bautica.si\\\/wp-content\\\/uploads\\\/2019\\\/12\\\/bautica-logo-190x60.jpg\",\"width\":190,\"height\":60,\"caption\":\"Zajcnet\"},\"image\":{\"@id\":\"https:\\\/\\\/www.bautica.si\\\/blog\\\/#\\\/schema\\\/logo\\\/image\\\/\"},\"sameAs\":[\"https:\\\/\\\/facebook.com\"]}]}<\/script>\n<!-- \/ Yoast SEO plugin. -->","yoast_head_json":{"title":"BauticaBAUTICA Politika pi\u0161kotkov","description":"Bautica Vse za vas Spletna trgovina BauticaBAUTICA Politika pi\u0161kotkov","robots":{"index":"index","follow":"follow","max-snippet":"max-snippet:-1","max-image-preview":"max-image-preview:large","max-video-preview":"max-video-preview:-1"},"canonical":"https:\/\/www.bautica.si\/blog\/pravilnik-o-piskotkih\/","og_locale":"sl_SI","og_type":"article","og_title":"BauticaBAUTICA Politika pi\u0161kotkov","og_description":"Bautica Vse za vas Spletna trgovina BauticaBAUTICA Politika pi\u0161kotkov","og_url":"https:\/\/www.bautica.si\/blog\/pravilnik-o-piskotkih\/","og_site_name":"BAUTICA","article_publisher":"https:\/\/facebook.com","article_modified_time":"2021-04-06T09:51:43+00:00","twitter_card":"summary_large_image","twitter_misc":{"Est. reading time":"3 minute"},"schema":{"@context":"https:\/\/schema.org","@graph":[{"@type":"WebPage","@id":"https:\/\/www.bautica.si\/blog\/pravilnik-o-piskotkih\/","url":"https:\/\/www.bautica.si\/blog\/pravilnik-o-piskotkih\/","name":"BauticaBAUTICA Politika pi\u0161kotkov","isPartOf":{"@id":"https:\/\/www.bautica.si\/blog\/#website"},"datePublished":"2021-04-06T09:05:17+00:00","dateModified":"2021-04-06T09:51:43+00:00","description":"Bautica Vse za vas Spletna trgovina BauticaBAUTICA Politika pi\u0161kotkov","breadcrumb":{"@id":"https:\/\/www.bautica.si\/blog\/pravilnik-o-piskotkih\/#breadcrumb"},"inLanguage":"sl-SI","potentialAction":[{"@type":"ReadAction","target":["https:\/\/www.bautica.si\/blog\/pravilnik-o-piskotkih\/"]}]},{"@type":"BreadcrumbList","@id":"https:\/\/www.bautica.si\/blog\/pravilnik-o-piskotkih\/#breadcrumb","itemListElement":[{"@type":"ListItem","position":1,"name":"Home","item":"https:\/\/www.bautica.si\/blog\/"},{"@type":"ListItem","position":2,"name":"Politika pi\u0161kotkov"}]},{"@type":"WebSite","@id":"https:\/\/www.bautica.si\/blog\/#website","url":"https:\/\/www.bautica.si\/blog\/","name":"BAUTICA","description":"Vse za vas","publisher":{"@id":"https:\/\/www.bautica.si\/blog\/#organization"},"potentialAction":[{"@type":"SearchAction","target":{"@type":"EntryPoint","urlTemplate":"https:\/\/www.bautica.si\/blog\/?s={search_term_string}"},"query-input":{"@type":"PropertyValueSpecification","valueRequired":true,"valueName":"search_term_string"}}],"inLanguage":"sl-SI"},{"@type":"Organization","@id":"https:\/\/www.bautica.si\/blog\/#organization","name":"Zajcnet","url":"https:\/\/www.bautica.si\/blog\/","logo":{"@type":"ImageObject","inLanguage":"sl-SI","@id":"https:\/\/www.bautica.si\/blog\/#\/schema\/logo\/image\/","url":"https:\/\/www.bautica.si\/wp-content\/uploads\/2019\/12\/bautica-logo-190x60.jpg","contentUrl":"https:\/\/www.bautica.si\/wp-content\/uploads\/2019\/12\/bautica-logo-190x60.jpg","width":190,"height":60,"caption":"Zajcnet"},"image":{"@id":"https:\/\/www.bautica.si\/blog\/#\/schema\/logo\/image\/"},"sameAs":["https:\/\/facebook.com"]}]}},"_links":{"self":[{"href":"https:\/\/www.bautica.si\/blog\/wp-json\/wp\/v2\/pages\/8944","targetHints":{"allow":["GET"]}}],"collection":[{"href":"https:\/\/www.bautica.si\/blog\/wp-json\/wp\/v2\/pages"}],"about":[{"href":"https:\/\/www.bautica.si\/blog\/wp-json\/wp\/v2\/types\/page"}],"author":[{"embeddable":true,"href":"https:\/\/www.bautica.si\/blog\/wp-json\/wp\/v2\/users\/1"}],"replies":[{"embeddable":true,"href":"https:\/\/www.bautica.si\/blog\/wp-json\/wp\/v2\/comments?post=8944"}],"version-history":[{"count":7,"href":"https:\/\/www.bautica.si\/blog\/wp-json\/wp\/v2\/pages\/8944\/revisions"}],"predecessor-version":[{"id":9797,"href":"https:\/\/www.bautica.si\/blog\/wp-json\/wp\/v2\/pages\/8944\/revisions\/9797"}],"wp:attachment":[{"href":"https:\/\/www.bautica.si\/blog\/wp-json\/wp\/v2\/media?parent=8944"}],"curies":[{"name":"wp","href":"https:\/\/api.w.org\/{rel}","templated":true}]}}