{"id":10364,"date":"2022-06-09T16:23:11","date_gmt":"2022-06-09T15:23:11","guid":{"rendered":"https:\/\/www.bautica.si\/blog\/?post_type=product&#038;p=10364"},"modified":"2022-06-10T10:00:11","modified_gmt":"2022-06-10T09:00:11","slug":"2500mah-18v-li-ion-akku-za-husqvarna-automower-105-305-308-r45li-r70li","status":"publish","type":"product","link":"https:\/\/www.bautica.si\/blog\/trgovina\/nekategorizirano\/2500mah-18v-li-ion-akku-za-husqvarna-automower-105-305-308-r45li-r70li\/","title":{"rendered":"2500mAh 18V Li-ion Akku za Husqvarna Automower 105 305 308 R45Li R70Li"},"content":{"rendered":"<h3><span style=\"font-size: 12pt; color: #0000ff;\"><strong>VSE SLIKE SO LAST DOBAVITELJA IN SO AVTORSKO ZA\u0160\u010cITENE. VSE SLIKE SO SIMBOLI\u010cNE. PROSIMO ZA RAZUMEVANJE.<\/strong><\/span><\/h3>\n<ol>\n<li data-list=\"bullet\">2500mAh 18V Li-ion Akku za Husqvarna Automower 105 305 308 R45Li R70Li<\/li>\n<\/ol>\n<p><img decoding=\"async\" src=\"https:\/\/image.pushauction.com\/0\/0\/372d3a47-a010-423c-80b6-8d935b0e2d2a\/5e967e82-b54c-4bf6-b5f2-a0bfd3f7cc6b.jpeg\" \/><img decoding=\"async\" src=\"https:\/\/image.pushauction.com\/0\/0\/372d3a47-a010-423c-80b6-8d935b0e2d2a\/838e82c8-e564-43b4-928c-617352fbf5fa.jpg\" \/><img decoding=\"async\" src=\"https:\/\/image.pushauction.com\/0\/0\/372d3a47-a010-423c-80b6-8d935b0e2d2a\/ce24898e-1b5c-4439-801b-898172a8ad67.jpg\" \/><img decoding=\"async\" src=\"https:\/\/image.pushauction.com\/0\/0\/372d3a47-a010-423c-80b6-8d935b0e2d2a\/d2d37327-fac3-4842-aafb-e7bff569dc0f.jpg\" \/><img decoding=\"async\" src=\"https:\/\/image.pushauction.com\/0\/0\/372d3a47-a010-423c-80b6-8d935b0e2d2a\/c0789f23-fffa-4833-a9ce-5c7dc1815c0f.jpg\" \/><img decoding=\"async\" src=\"https:\/\/image.pushauction.com\/0\/0\/372d3a47-a010-423c-80b6-8d935b0e2d2a\/4e952c2f-faf1-415c-abc2-a9747634cc36.jpg\" \/><img decoding=\"async\" src=\"https:\/\/image.pushauction.com\/0\/0\/372d3a47-a010-423c-80b6-8d935b0e2d2a\/7e2a4272-218d-4dcb-b3c1-fae6ec3511f8.jpg\" \/><img decoding=\"async\" src=\"https:\/\/image.pushauction.com\/0\/0\/372d3a47-a010-423c-80b6-8d935b0e2d2a\/d7c551ff-5431-4326-abe7-2ace55db6dc6.jpg\" \/><img decoding=\"async\" src=\"https:\/\/image.pushauction.com\/0\/0\/372d3a47-a010-423c-80b6-8d935b0e2d2a\/b1b5d218-3baf-4df1-a7ff-cd0e518e12de.jpg\" \/><img decoding=\"async\" src=\"https:\/\/image.pushauction.com\/0\/0\/372d3a47-a010-423c-80b6-8d935b0e2d2a\/e4d4bf4d-0d7a-47c5-bbec-1b9034dd190f.jpg\" \/><img decoding=\"async\" src=\"https:\/\/image.pushauction.com\/0\/0\/372d3a47-a010-423c-80b6-8d935b0e2d2a\/5307d7ed-7319-48f0-a311-f71d326cc7bf.jpg\" \/><img decoding=\"async\" src=\"https:\/\/image.pushauction.com\/0\/0\/372d3a47-a010-423c-80b6-8d935b0e2d2a\/f7511be1-ca7a-49e6-aac0-ccbe183dfd3b.jpg\" \/><\/p>\n<p><img decoding=\"async\" src=\"https:\/\/image.pushauction.com\/0\/0\/372d3a47-a010-423c-80b6-8d935b0e2d2a\/5e967e82-b54c-4bf6-b5f2-a0bfd3f7cc6b.jpeg\" \/><img decoding=\"async\" src=\"https:\/\/image.pushauction.com\/0\/0\/372d3a47-a010-423c-80b6-8d935b0e2d2a\/838e82c8-e564-43b4-928c-617352fbf5fa.jpg\" \/><img decoding=\"async\" src=\"https:\/\/image.pushauction.com\/0\/0\/372d3a47-a010-423c-80b6-8d935b0e2d2a\/ce24898e-1b5c-4439-801b-898172a8ad67.jpg\" \/><img decoding=\"async\" src=\"https:\/\/image.pushauction.com\/0\/0\/372d3a47-a010-423c-80b6-8d935b0e2d2a\/d2d37327-fac3-4842-aafb-e7bff569dc0f.jpg\" \/><img decoding=\"async\" src=\"https:\/\/image.pushauction.com\/0\/0\/372d3a47-a010-423c-80b6-8d935b0e2d2a\/c0789f23-fffa-4833-a9ce-5c7dc1815c0f.jpg\" \/><img decoding=\"async\" src=\"https:\/\/image.pushauction.com\/0\/0\/372d3a47-a010-423c-80b6-8d935b0e2d2a\/4e952c2f-faf1-415c-abc2-a9747634cc36.jpg\" \/><img decoding=\"async\" src=\"https:\/\/image.pushauction.com\/0\/0\/372d3a47-a010-423c-80b6-8d935b0e2d2a\/7e2a4272-218d-4dcb-b3c1-fae6ec3511f8.jpg\" \/><img decoding=\"async\" src=\"https:\/\/image.pushauction.com\/0\/0\/372d3a47-a010-423c-80b6-8d935b0e2d2a\/d7c551ff-5431-4326-abe7-2ace55db6dc6.jpg\" \/><img decoding=\"async\" src=\"https:\/\/image.pushauction.com\/0\/0\/372d3a47-a010-423c-80b6-8d935b0e2d2a\/b1b5d218-3baf-4df1-a7ff-cd0e518e12de.jpg\" \/><img decoding=\"async\" src=\"https:\/\/image.pushauction.com\/0\/0\/372d3a47-a010-423c-80b6-8d935b0e2d2a\/e4d4bf4d-0d7a-47c5-bbec-1b9034dd190f.jpg\" \/><img decoding=\"async\" src=\"https:\/\/image.pushauction.com\/0\/0\/372d3a47-a010-423c-80b6-8d935b0e2d2a\/5307d7ed-7319-48f0-a311-f71d326cc7bf.jpg\" \/>Tip: Samsungova celica<br \/>\nNapetost: 18V<br \/>\nKapaciteta: 2000mah \/ 2500mah<br \/>\nFactory Outlet, lahko dobite najbolj\u0161o ponudbo in strokovno poprodajno storitev<br \/>\nFCC, CE in RoHS certificiran, 100% zdru\u017eljiv z originali in lahko prese\u017ee zmogljivost izdelkov OEM<br \/>\nBrez spominskega u\u010dinka, lahko ga po potrebi napolnite ali izpraznite brez izgube zmogljivosti<br \/>\nZa\u0161\u010dita pred napa\u010dno napetostjo, kratkim stikom ali notranjim pregrevanjem<\/p>\n<p><strong style=\"background-color: #ffffff;\">O Creabest:<\/strong><\/p>\n<p>Creabest je svetovno znana blagovna znamka z lastnim proizvajalcem, ki ponuja celotno paleto elektri\u010dnih orodij, vakuumskih baterij in polnilnikov. 20 let izku\u0161enj na podro\u010dju raziskav, razvoja in proizvodnje nas naredi bolj profesionalne pri nadzoru kakovosti, z izku\u0161njami in poprodajnimi storitvami. Zdaj se s svojimi strankami sre\u010dujemo neposredno in ponujamo najbolj\u0161o ponudbo, kupujte z zaupanjem!<\/p>\n<p><strong style=\"background-color: #ffffff;\">Nadomestek za:<\/strong><\/p>\n<p><span style=\"background-color: #ffffff;\">505 69 73-20, 574 47 68-01, 574 47 68-02, 574 47 68-03, 586 57 62-01, 586 57 62-02.<\/span><\/p>\n<p><span style=\"background-color: #ffffff;\">Gardena robotska kosilnica R38Li, R40Li, R45Li, R50Li, R70Li, R75Li, R80Li.\u00a0 Husqvarna Automower 105, Automower 305, Automower 308, Automower 308x.<\/span><\/p>\n<p><strong style=\"background-color: #ffffff;\">Priporo\u010dila:<\/strong><\/p>\n<p>1. Baterij ne shranjujte dalj \u010dasa, uporabljati jih je treba vsaj enkrat mese\u010dno.<\/p>\n<p>2. Po potrebi z vatirano pal\u010dko z alkoholom o\u010distite kontakte baterije.<\/p>\n<p>3. Po dalj\u0161i uporabi v elektri\u010dnem orodju pustite, da se baterije popolnoma izpraznijo.<\/p>\n<p>4. Pred polnjenjem baterij se prepri\u010dajte, da so hladne.<\/p>\n<p>5. Da bi zagotovili varen transport, baterije niso popolnoma napolnjene. Po treh ciklih (trikratno polno polnjenje in trikratno praznjenje) lahko baterije dose\u017eejo najbolj\u0161e stanje.<\/p>\n<p>6. Ko se va\u0161a elektri\u010dna orodja zataknejo in ne morejo te\u010di, jih ne silite v tek. V nasprotnem primeru se bodo baterije porabile zaradi prevelikega toka.<\/p>\n<p><strong style=\"background-color: #ffffff;\">Paket vsebuje:<\/strong><\/p>\n<ol>\n<li data-list=\"bullet\"><span style=\"background-color: #ffffff;\">1x 2500mAh 18V Li-ion Akku za Gardena Husqvarna Automower 105 305 308 R45Li R70Li<\/span><\/li>\n<\/ol>\n<div class=\"table-responsive\"><table class=\"table table-bordered\" style=\"width: 34.5349%; height: 346px;\">\n<tbody>\n<tr style=\"height: 47px;\">\n<td style=\"height: 47px;\" data-row=\"1\">Akku<\/td>\n<td style=\"height: 47px;\" data-row=\"1\">Lithium-Ionen (Li-Ion)<\/td>\n<\/tr>\n<tr style=\"height: 23px;\">\n<td style=\"height: 23px;\" data-row=\"2\">Blagovna znamka<\/td>\n<td style=\"height: 23px;\" data-row=\"2\">Creabest<\/td>\n<\/tr>\n<tr style=\"height: 23px;\">\n<td style=\"height: 23px;\" data-row=\"3\">Model<\/td>\n<td style=\"height: 23px;\" data-row=\"3\">505 69 73-20<\/td>\n<\/tr>\n<tr style=\"height: 23px;\">\n<td style=\"height: 23px;\" data-row=\"4\">Napetost<\/td>\n<td style=\"height: 23px;\" data-row=\"4\">18 V<\/td>\n<\/tr>\n<tr style=\"height: 23px;\">\n<td style=\"height: 23px;\" data-row=\"5\">\u0160tevilo enot<\/td>\n<td style=\"height: 23px;\" data-row=\"5\">1<\/td>\n<\/tr>\n<tr style=\"height: 23px;\">\n<td style=\"height: 23px;\" data-row=\"6\">Te\u017ea<\/td>\n<td style=\"height: 23px;\" data-row=\"6\">270g\/278g<\/td>\n<\/tr>\n<tr style=\"height: 23px;\">\n<td style=\"height: 23px;\" data-row=\"7\">garancija<\/td>\n<td style=\"height: 23px;\" data-row=\"7\">3 mesece<\/td>\n<\/tr>\n<tr style=\"height: 23px;\">\n<td style=\"height: 23px;\" data-row=\"8\">Izvor<\/td>\n<td style=\"height: 23px;\" data-row=\"8\">Kitajska<\/td>\n<\/tr>\n<tr style=\"height: 23px;\">\n<td style=\"height: 23px;\" data-row=\"9\"><\/td>\n<td style=\"height: 23px;\" data-row=\"9\"><\/td>\n<\/tr>\n<tr style=\"height: 23px;\">\n<td style=\"height: 23px;\" data-row=\"10\"><\/td>\n<td style=\"height: 23px;\" data-row=\"10\"><\/td>\n<\/tr>\n<tr style=\"height: 23px;\">\n<td style=\"height: 23px;\" data-row=\"11\"><\/td>\n<td style=\"height: 23px;\" data-row=\"11\"><\/td>\n<\/tr>\n<tr style=\"height: 23px;\">\n<td style=\"height: 23px;\" data-row=\"12\">Dol\u017eina<\/td>\n<td style=\"height: 23px;\" data-row=\"12\">71.2mm<\/td>\n<\/tr>\n<tr style=\"height: 23px;\">\n<td style=\"height: 23px;\" data-row=\"13\">\u0160irina<\/td>\n<td style=\"height: 23px;\" data-row=\"13\">65.8mm<\/td>\n<\/tr>\n<tr style=\"height: 23px;\">\n<td style=\"height: 23px;\" data-row=\"14\">Vi\u0161ina<\/td>\n<td style=\"height: 23px;\" data-row=\"14\">54.6mm<\/td>\n<\/tr>\n<\/tbody>\n<\/table><\/div>\n<p><img decoding=\"async\" src=\"https:\/\/counter.pushauction.com\/372d3a47-a010-423c-80b6-8d935b0e2d2a\/84c9b35d-f1dc-4501-8d75-10292cd981f4.jpg\" \/><\/p>\n","protected":false},"excerpt":{"rendered":"<p><strong>Akku za Husqvarna Automower 105<\/strong><\/p>\n<p><strong data-wp-editing=\"1\"><img loading=\"lazy\" decoding=\"async\" class=\"\" src=\"https:\/\/www.bautica.si\/wp-content\/themes\/davinciwoo\/assets\/images\/features\/feature_delivery.svg\" width=\"43\" height=\"30\" \/> Predvidena dostava od dobavitelja iz Nem\u010dije &#8211; 8 delovnih dni<\/strong><\/p>\n","protected":false},"featured_media":10361,"comment_status":"open","ping_status":"closed","template":"","meta":[],"product_brand":[],"product_cat":[15],"product_tag":[],"class_list":{"0":"post-10364","1":"product","2":"type-product","3":"status-publish","4":"has-post-thumbnail","6":"product_cat-nekategorizirano","8":"first","9":"instock","10":"shipping-taxable","11":"purchasable","12":"product-type-simple"},"yoast_head":"<!-- This site is optimized with the Yoast SEO plugin v27.4 - https:\/\/yoast.com\/product\/yoast-seo-wordpress\/ -->\n<title>2500mAh 18V Li-ion Akku za Husqvarna Automower 105 305 308 R45Li R70Li - BAUTICA<\/title>\n<meta name=\"description\" content=\"BAUTICA 2500mAh 18V Li-ion Akku za Husqvarna Automower 105 305 308 R45Li R70Li -\" \/>\n<meta name=\"robots\" content=\"index, follow, max-snippet:-1, max-image-preview:large, max-video-preview:-1\" \/>\n<link rel=\"canonical\" href=\"https:\/\/www.bautica.si\/blog\/trgovina\/nekategorizirano\/2500mah-18v-li-ion-akku-za-husqvarna-automower-105-305-308-r45li-r70li\/\" \/>\n<meta property=\"og:locale\" content=\"sl_SI\" \/>\n<meta property=\"og:type\" content=\"article\" \/>\n<meta property=\"og:title\" content=\"2500mAh 18V Li-ion Akku za Husqvarna Automower 105 305 308 R45Li R70Li - BAUTICA\" \/>\n<meta property=\"og:description\" content=\"BAUTICA 2500mAh 18V Li-ion Akku za Husqvarna Automower 105 305 308 R45Li R70Li -\" \/>\n<meta property=\"og:url\" content=\"https:\/\/www.bautica.si\/blog\/trgovina\/nekategorizirano\/2500mah-18v-li-ion-akku-za-husqvarna-automower-105-305-308-r45li-r70li\/\" \/>\n<meta property=\"og:site_name\" content=\"BAUTICA\" \/>\n<meta property=\"article:publisher\" content=\"https:\/\/facebook.com\" \/>\n<meta property=\"article:modified_time\" content=\"2022-06-10T09:00:11+00:00\" \/>\n<meta property=\"og:image\" content=\"https:\/\/www.bautica.si\/wp-content\/uploads\/2022\/06\/12.jpg\" \/>\n\t<meta property=\"og:image:width\" content=\"500\" \/>\n\t<meta property=\"og:image:height\" content=\"500\" \/>\n\t<meta property=\"og:image:type\" content=\"image\/jpeg\" \/>\n<meta name=\"twitter:card\" content=\"summary_large_image\" \/>\n<meta name=\"twitter:label1\" content=\"Est. reading time\" \/>\n\t<meta name=\"twitter:data1\" content=\"7 minut\" \/>\n<script type=\"application\/ld+json\" class=\"yoast-schema-graph\">{\"@context\":\"https:\\\/\\\/schema.org\",\"@graph\":[{\"@type\":\"WebPage\",\"@id\":\"https:\\\/\\\/www.bautica.si\\\/blog\\\/trgovina\\\/nekategorizirano\\\/2500mah-18v-li-ion-akku-za-husqvarna-automower-105-305-308-r45li-r70li\\\/\",\"url\":\"https:\\\/\\\/www.bautica.si\\\/blog\\\/trgovina\\\/nekategorizirano\\\/2500mah-18v-li-ion-akku-za-husqvarna-automower-105-305-308-r45li-r70li\\\/\",\"name\":\"2500mAh 18V Li-ion Akku za Husqvarna Automower 105 305 308 R45Li R70Li - BAUTICA\",\"isPartOf\":{\"@id\":\"https:\\\/\\\/www.bautica.si\\\/blog\\\/#website\"},\"primaryImageOfPage\":{\"@id\":\"https:\\\/\\\/www.bautica.si\\\/blog\\\/trgovina\\\/nekategorizirano\\\/2500mah-18v-li-ion-akku-za-husqvarna-automower-105-305-308-r45li-r70li\\\/#primaryimage\"},\"image\":{\"@id\":\"https:\\\/\\\/www.bautica.si\\\/blog\\\/trgovina\\\/nekategorizirano\\\/2500mah-18v-li-ion-akku-za-husqvarna-automower-105-305-308-r45li-r70li\\\/#primaryimage\"},\"thumbnailUrl\":\"https:\\\/\\\/www.bautica.si\\\/wp-content\\\/uploads\\\/2022\\\/06\\\/12.jpg\",\"datePublished\":\"2022-06-09T15:23:11+00:00\",\"dateModified\":\"2022-06-10T09:00:11+00:00\",\"description\":\"BAUTICA 2500mAh 18V Li-ion Akku za Husqvarna Automower 105 305 308 R45Li R70Li -\",\"breadcrumb\":{\"@id\":\"https:\\\/\\\/www.bautica.si\\\/blog\\\/trgovina\\\/nekategorizirano\\\/2500mah-18v-li-ion-akku-za-husqvarna-automower-105-305-308-r45li-r70li\\\/#breadcrumb\"},\"inLanguage\":\"sl-SI\",\"potentialAction\":[{\"@type\":\"ReadAction\",\"target\":[\"https:\\\/\\\/www.bautica.si\\\/blog\\\/trgovina\\\/nekategorizirano\\\/2500mah-18v-li-ion-akku-za-husqvarna-automower-105-305-308-r45li-r70li\\\/\"]}]},{\"@type\":\"ImageObject\",\"inLanguage\":\"sl-SI\",\"@id\":\"https:\\\/\\\/www.bautica.si\\\/blog\\\/trgovina\\\/nekategorizirano\\\/2500mah-18v-li-ion-akku-za-husqvarna-automower-105-305-308-r45li-r70li\\\/#primaryimage\",\"url\":\"https:\\\/\\\/www.bautica.si\\\/wp-content\\\/uploads\\\/2022\\\/06\\\/12.jpg\",\"contentUrl\":\"https:\\\/\\\/www.bautica.si\\\/wp-content\\\/uploads\\\/2022\\\/06\\\/12.jpg\",\"width\":500,\"height\":500},{\"@type\":\"BreadcrumbList\",\"@id\":\"https:\\\/\\\/www.bautica.si\\\/blog\\\/trgovina\\\/nekategorizirano\\\/2500mah-18v-li-ion-akku-za-husqvarna-automower-105-305-308-r45li-r70li\\\/#breadcrumb\",\"itemListElement\":[{\"@type\":\"ListItem\",\"position\":1,\"name\":\"Home\",\"item\":\"https:\\\/\\\/www.bautica.si\\\/blog\\\/\"},{\"@type\":\"ListItem\",\"position\":2,\"name\":\"Shop\",\"item\":\"https:\\\/\\\/www.bautica.si\\\/blog\\\/shop\\\/\"},{\"@type\":\"ListItem\",\"position\":3,\"name\":\"2500mAh 18V Li-ion Akku za Husqvarna Automower 105 305 308 R45Li R70Li\"}]},{\"@type\":\"WebSite\",\"@id\":\"https:\\\/\\\/www.bautica.si\\\/blog\\\/#website\",\"url\":\"https:\\\/\\\/www.bautica.si\\\/blog\\\/\",\"name\":\"BAUTICA\",\"description\":\"Vse za vas\",\"publisher\":{\"@id\":\"https:\\\/\\\/www.bautica.si\\\/blog\\\/#organization\"},\"potentialAction\":[{\"@type\":\"SearchAction\",\"target\":{\"@type\":\"EntryPoint\",\"urlTemplate\":\"https:\\\/\\\/www.bautica.si\\\/blog\\\/?s={search_term_string}\"},\"query-input\":{\"@type\":\"PropertyValueSpecification\",\"valueRequired\":true,\"valueName\":\"search_term_string\"}}],\"inLanguage\":\"sl-SI\"},{\"@type\":\"Organization\",\"@id\":\"https:\\\/\\\/www.bautica.si\\\/blog\\\/#organization\",\"name\":\"Zajcnet\",\"url\":\"https:\\\/\\\/www.bautica.si\\\/blog\\\/\",\"logo\":{\"@type\":\"ImageObject\",\"inLanguage\":\"sl-SI\",\"@id\":\"https:\\\/\\\/www.bautica.si\\\/blog\\\/#\\\/schema\\\/logo\\\/image\\\/\",\"url\":\"https:\\\/\\\/www.bautica.si\\\/wp-content\\\/uploads\\\/2019\\\/12\\\/bautica-logo-190x60.jpg\",\"contentUrl\":\"https:\\\/\\\/www.bautica.si\\\/wp-content\\\/uploads\\\/2019\\\/12\\\/bautica-logo-190x60.jpg\",\"width\":190,\"height\":60,\"caption\":\"Zajcnet\"},\"image\":{\"@id\":\"https:\\\/\\\/www.bautica.si\\\/blog\\\/#\\\/schema\\\/logo\\\/image\\\/\"},\"sameAs\":[\"https:\\\/\\\/facebook.com\"]}]}<\/script>\n<!-- \/ Yoast SEO plugin. -->","yoast_head_json":{"title":"2500mAh 18V Li-ion Akku za Husqvarna Automower 105 305 308 R45Li R70Li - BAUTICA","description":"BAUTICA 2500mAh 18V Li-ion Akku za Husqvarna Automower 105 305 308 R45Li R70Li -","robots":{"index":"index","follow":"follow","max-snippet":"max-snippet:-1","max-image-preview":"max-image-preview:large","max-video-preview":"max-video-preview:-1"},"canonical":"https:\/\/www.bautica.si\/blog\/trgovina\/nekategorizirano\/2500mah-18v-li-ion-akku-za-husqvarna-automower-105-305-308-r45li-r70li\/","og_locale":"sl_SI","og_type":"article","og_title":"2500mAh 18V Li-ion Akku za Husqvarna Automower 105 305 308 R45Li R70Li - BAUTICA","og_description":"BAUTICA 2500mAh 18V Li-ion Akku za Husqvarna Automower 105 305 308 R45Li R70Li -","og_url":"https:\/\/www.bautica.si\/blog\/trgovina\/nekategorizirano\/2500mah-18v-li-ion-akku-za-husqvarna-automower-105-305-308-r45li-r70li\/","og_site_name":"BAUTICA","article_publisher":"https:\/\/facebook.com","article_modified_time":"2022-06-10T09:00:11+00:00","og_image":[{"width":500,"height":500,"url":"https:\/\/www.bautica.si\/wp-content\/uploads\/2022\/06\/12.jpg","type":"image\/jpeg"}],"twitter_card":"summary_large_image","twitter_misc":{"Est. reading time":"7 minut"},"schema":{"@context":"https:\/\/schema.org","@graph":[{"@type":"WebPage","@id":"https:\/\/www.bautica.si\/blog\/trgovina\/nekategorizirano\/2500mah-18v-li-ion-akku-za-husqvarna-automower-105-305-308-r45li-r70li\/","url":"https:\/\/www.bautica.si\/blog\/trgovina\/nekategorizirano\/2500mah-18v-li-ion-akku-za-husqvarna-automower-105-305-308-r45li-r70li\/","name":"2500mAh 18V Li-ion Akku za Husqvarna Automower 105 305 308 R45Li R70Li - BAUTICA","isPartOf":{"@id":"https:\/\/www.bautica.si\/blog\/#website"},"primaryImageOfPage":{"@id":"https:\/\/www.bautica.si\/blog\/trgovina\/nekategorizirano\/2500mah-18v-li-ion-akku-za-husqvarna-automower-105-305-308-r45li-r70li\/#primaryimage"},"image":{"@id":"https:\/\/www.bautica.si\/blog\/trgovina\/nekategorizirano\/2500mah-18v-li-ion-akku-za-husqvarna-automower-105-305-308-r45li-r70li\/#primaryimage"},"thumbnailUrl":"https:\/\/www.bautica.si\/wp-content\/uploads\/2022\/06\/12.jpg","datePublished":"2022-06-09T15:23:11+00:00","dateModified":"2022-06-10T09:00:11+00:00","description":"BAUTICA 2500mAh 18V Li-ion Akku za Husqvarna Automower 105 305 308 R45Li R70Li -","breadcrumb":{"@id":"https:\/\/www.bautica.si\/blog\/trgovina\/nekategorizirano\/2500mah-18v-li-ion-akku-za-husqvarna-automower-105-305-308-r45li-r70li\/#breadcrumb"},"inLanguage":"sl-SI","potentialAction":[{"@type":"ReadAction","target":["https:\/\/www.bautica.si\/blog\/trgovina\/nekategorizirano\/2500mah-18v-li-ion-akku-za-husqvarna-automower-105-305-308-r45li-r70li\/"]}]},{"@type":"ImageObject","inLanguage":"sl-SI","@id":"https:\/\/www.bautica.si\/blog\/trgovina\/nekategorizirano\/2500mah-18v-li-ion-akku-za-husqvarna-automower-105-305-308-r45li-r70li\/#primaryimage","url":"https:\/\/www.bautica.si\/wp-content\/uploads\/2022\/06\/12.jpg","contentUrl":"https:\/\/www.bautica.si\/wp-content\/uploads\/2022\/06\/12.jpg","width":500,"height":500},{"@type":"BreadcrumbList","@id":"https:\/\/www.bautica.si\/blog\/trgovina\/nekategorizirano\/2500mah-18v-li-ion-akku-za-husqvarna-automower-105-305-308-r45li-r70li\/#breadcrumb","itemListElement":[{"@type":"ListItem","position":1,"name":"Home","item":"https:\/\/www.bautica.si\/blog\/"},{"@type":"ListItem","position":2,"name":"Shop","item":"https:\/\/www.bautica.si\/blog\/shop\/"},{"@type":"ListItem","position":3,"name":"2500mAh 18V Li-ion Akku za Husqvarna Automower 105 305 308 R45Li R70Li"}]},{"@type":"WebSite","@id":"https:\/\/www.bautica.si\/blog\/#website","url":"https:\/\/www.bautica.si\/blog\/","name":"BAUTICA","description":"Vse za vas","publisher":{"@id":"https:\/\/www.bautica.si\/blog\/#organization"},"potentialAction":[{"@type":"SearchAction","target":{"@type":"EntryPoint","urlTemplate":"https:\/\/www.bautica.si\/blog\/?s={search_term_string}"},"query-input":{"@type":"PropertyValueSpecification","valueRequired":true,"valueName":"search_term_string"}}],"inLanguage":"sl-SI"},{"@type":"Organization","@id":"https:\/\/www.bautica.si\/blog\/#organization","name":"Zajcnet","url":"https:\/\/www.bautica.si\/blog\/","logo":{"@type":"ImageObject","inLanguage":"sl-SI","@id":"https:\/\/www.bautica.si\/blog\/#\/schema\/logo\/image\/","url":"https:\/\/www.bautica.si\/wp-content\/uploads\/2019\/12\/bautica-logo-190x60.jpg","contentUrl":"https:\/\/www.bautica.si\/wp-content\/uploads\/2019\/12\/bautica-logo-190x60.jpg","width":190,"height":60,"caption":"Zajcnet"},"image":{"@id":"https:\/\/www.bautica.si\/blog\/#\/schema\/logo\/image\/"},"sameAs":["https:\/\/facebook.com"]}]}},"_links":{"self":[{"href":"https:\/\/www.bautica.si\/blog\/wp-json\/wp\/v2\/product\/10364","targetHints":{"allow":["GET"]}}],"collection":[{"href":"https:\/\/www.bautica.si\/blog\/wp-json\/wp\/v2\/product"}],"about":[{"href":"https:\/\/www.bautica.si\/blog\/wp-json\/wp\/v2\/types\/product"}],"replies":[{"embeddable":true,"href":"https:\/\/www.bautica.si\/blog\/wp-json\/wp\/v2\/comments?post=10364"}],"wp:featuredmedia":[{"embeddable":true,"href":"https:\/\/www.bautica.si\/blog\/wp-json\/wp\/v2\/media\/10361"}],"wp:attachment":[{"href":"https:\/\/www.bautica.si\/blog\/wp-json\/wp\/v2\/media?parent=10364"}],"wp:term":[{"taxonomy":"product_brand","embeddable":true,"href":"https:\/\/www.bautica.si\/blog\/wp-json\/wp\/v2\/product_brand?post=10364"},{"taxonomy":"product_cat","embeddable":true,"href":"https:\/\/www.bautica.si\/blog\/wp-json\/wp\/v2\/product_cat?post=10364"},{"taxonomy":"product_tag","embeddable":true,"href":"https:\/\/www.bautica.si\/blog\/wp-json\/wp\/v2\/product_tag?post=10364"}],"curies":[{"name":"wp","href":"https:\/\/api.w.org\/{rel}","templated":true}]}}